
{"id":1717,"date":"2024-05-30T10:52:58","date_gmt":"2024-05-30T10:52:58","guid":{"rendered":"https:\/\/embassymototours.com\/cookies\/"},"modified":"2024-05-30T11:03:36","modified_gmt":"2024-05-30T11:03:36","slug":"cookies","status":"publish","type":"page","link":"https:\/\/embassymototours.com\/es\/cookies\/","title":{"rendered":"Cookies"},"content":{"rendered":"\r\n\t\t<div  class=\"block-6c951f3a-243f-42a0-85fa-fcd45d9e3842 areoi-element\">\r\n\t\t\t\r\n\t\t\t\n\r\n\t\t<div  class=\"block-254f6cd8-b4be-4c2d-b3fd-436af07c087f areoi-element container\">\r\n\t\t\t\r\n\t\t\t\n\r\n\t\t<div  class=\"block-075aba7c-b7f8-49a3-8bb2-30ddb5f1f067 row areoi-element\">\r\n\t\t\t\r\n\r\n\t\t\t\n\r\n\t\t<div  class=\"block-33338491-30af-40ba-86cb-2c68f24f3ae0 col areoi-element\">\r\n\t\t\t\r\n\t\t\t\n\n<h4 class=\"wp-block-heading efect-title efect-title-type-2\">Cookies<\/h4>\n\n\n\n<style>\n    a.cky-banner-element {\n        padding: 8px 30px;\n        background: #F8F9FA;\n        color: #858A8F;\n        border: 1px solid #DEE2E6;\n        box-sizing: border-box;\n        border-radius: 2px;\n        cursor: pointer;\n}\n<\/style>\n<p>\nFecha de vigencia: 30 de mayo de 2024 <br>\n\u00daltima actualizaci\u00f3n: 30 de mayo de 2024\n<\/p>\n\n&nbsp;\n<h5>\u00bfQu\u00e9 son las cookies?<\/h5>\n<div class=\"cookie-policy-p\"><p>Esta Pol\u00edtica de cookies explica qu\u00e9 son las cookies y c\u00f3mo las usamos, los tipos de cookies que utilizamos, es decir, la informaci\u00f3n que recopilamos mediante cookies y c\u00f3mo se usa esa informaci\u00f3n, y c\u00f3mo administrar la configuraci\u00f3n de las cookies.<\/p> <p>Cookies Son peque\u00f1os archivos de texto que se utilizan para almacenar peque\u00f1os fragmentos de informaci\u00f3n. Se almacenan en su dispositivo cuando el sitio web se carga en su navegador. Estas cookies nos ayudan a que el sitio web funcione correctamente, hacerlo m\u00e1s seguro, brindar una mejor experiencia de usuario y comprender c\u00f3mo funciona el sitio web y analizar qu\u00e9 funciona y d\u00f3nde necesita mejorar.<\/p><\/div>\n\n&nbsp;\n<h5>\u00bfC\u00f3mo usamos las cookies?<\/h5>\n<div class=\"cookie-policy-p\"><p>Como la mayor\u00eda de los servicios en l\u00ednea, nuestro sitio web utiliza cookies propias y de terceros para varios prop\u00f3sitos. Las cookies de origen son principalmente necesarias para que el sitio web funcione correctamente y no recopilan ninguno de sus datos de identificaci\u00f3n personal.<\/p> <p>Las cookies de terceros utilizadas en nuestro sitio web son principalmente para comprender c\u00f3mo funciona funciona el sitio web, c\u00f3mo interact\u00faa con nuestro sitio web, mantiene nuestros servicios seguros, proporciona anuncios que sean relevantes para usted y, en general, le brinda una experiencia de usuario mejor y le ayuda a acelerar sus interacciones futuras con nuestro sitio web.<\/p><\/div>\n\n&nbsp;\n    <h5>Tipos de cookies que usamos<\/h5>\n\n    <div class=\"cky-audit-table-element\"><\/div>\n\n&nbsp;\n    <h5 style=\"margin-bottom:20px;\">Gestionar preferencias de cookies<\/h5>\n\n    <a class=\"cky-banner-element\">Ajustes de cookies<\/a> <br\/><br>\n\n    <div><p>Puede cambiar sus preferencias de cookies en cualquier momento haciendo clic en el bot\u00f3n de arriba. Esto le permitir\u00e1 volver a visitar el banner de consentimiento de cookies y cambiar sus preferencias o retirar su consentimiento de inmediato. <\/p> <p>Adem\u00e1s de esto, diferentes navegadores proporcionan diferentes m\u00e9todos para bloquear y eliminar las cookies utilizadas por los sitios web. Puede cambiar la configuraci\u00f3n de su navegador para bloquear\/eliminar las cookies. A continuaci\u00f3n se enumeran los enlaces a los documentos de soporte sobre c\u00f3mo administrar y eliminar cookies de los principales navegadores web.<\/p> <p>Chrome: <a href=\"https:\/\/support.google.com\/accounts\/answer\/32050\" target=\"_blank\" rel=\"noopener\">https:\/\/support.google.com\/accounts\/answer\/32050<\/a><\/p><p>Safari: <a href=\"https:\/\/support.apple.com\/en-in\/guide\/safari\/sfri11471\/mac\" target=\"_blank\" rel=\"noopener\">https:\/\/support.apple.com\/en-in\/guide\/safari\/sfri11471\/mac<\/a><\/p><p>Firefox: <a href=\"https:\/\/support.mozilla.org\/en-US\/kb\/clear-cookies-and-site-data-firefox?redirectslug=delete-cookies-remove-info-websites-stored&#038;redirectlocale=en-US\" target=\"_blank\" rel=\"noopener\">https:\/\/support.mozilla.org\/en-US\/kb\/clear-cookies-and-site-data-firefox?redirectslug=delete-cookies-remove-info-websites-stored&#038;redirectlocale=en-US<\/a><\/p><p>Internet Explorer: <a href=\"https:\/\/support.microsoft.com\/en-us\/topic\/how-to-delete-cookie-files-in-internet-explorer-bca9446f-d873-78de-77ba-d42645fa52fc\" target=\"_blank\" rel=\"noopener\">https:\/\/support.microsoft.com\/en-us\/topic\/how-to-delete-cookie-files-in-internet-explorer-bca9446f-d873-78de-77ba-d42645fa52fc<\/a><\/p><p>Si est\u00e1 utilizando cualquier otro navegador web, visite los documentos de soporte oficiales de su navegador.<\/p><\/div>\n\n\n&nbsp;\n<p class=\"cookie-policy-p\">\n    Cookie Policy Generated By  <a target=\"_blank\" href=\"https:\/\/www.cookieyes.com\/?utm_source=CP&#038;utm_medium=footer&#038;utm_campaign=UW\" rel=\"noopener\">CookieYes &#8211; Cookie Policy Generator<\/a>.\n<\/p>\n\n \r\n\t\t\t\r\n\t\t<\/div>\r\n\t\n \r\n\t\t<\/div>\r\n\t\n \r\n\t\t<\/div>\r\n\t\n\r\n\t\t\t \r\n\t\t<\/div>\r\n\t","protected":false},"excerpt":{"rendered":"","protected":false},"author":3,"featured_media":0,"parent":0,"menu_order":0,"comment_status":"closed","ping_status":"closed","template":"","meta":{"_acf_changed":false,"inline_featured_image":false,"_genesis_hide_title":false,"_genesis_hide_breadcrumbs":false,"_genesis_hide_singular_image":false,"_genesis_hide_footer_widgets":false,"_genesis_custom_body_class":"","_genesis_custom_post_class":"","_genesis_layout":"","footnotes":""},"class_list":{"0":"post-1717","1":"page","2":"type-page","3":"status-publish","5":"entry"},"acf":[],"yoast_head":"<!-- This site is optimized with the Yoast SEO plugin v26.7 - https:\/\/yoast.com\/wordpress\/plugins\/seo\/ -->\n<title>Cookies | Embassy Moto Tours<\/title>\n<meta name=\"robots\" content=\"index, follow, max-snippet:-1, max-image-preview:large, max-video-preview:-1\" \/>\n<link rel=\"canonical\" href=\"https:\/\/embassymototours.com\/es\/cookies\/\" \/>\n<meta property=\"og:locale\" content=\"es_ES\" \/>\n<meta property=\"og:type\" content=\"article\" \/>\n<meta property=\"og:title\" content=\"Cookies | Embassy Moto Tours\" \/>\n<meta property=\"og:url\" content=\"https:\/\/embassymototours.com\/es\/cookies\/\" \/>\n<meta property=\"og:site_name\" content=\"Embassy Moto Tours\" \/>\n<meta property=\"article:modified_time\" content=\"2024-05-30T11:03:36+00:00\" \/>\n<meta property=\"og:image\" content=\"https:\/\/embassymototours.com\/wp-content\/uploads\/2024\/04\/organized_moto_tours_barcelona_moto_embassy_tours.jpg\" \/>\n\t<meta property=\"og:image:width\" content=\"294\" \/>\n\t<meta property=\"og:image:height\" content=\"294\" \/>\n\t<meta property=\"og:image:type\" content=\"image\/jpeg\" \/>\n<meta name=\"twitter:card\" content=\"summary_large_image\" \/>\n<meta name=\"twitter:label1\" content=\"Tiempo de lectura\" \/>\n\t<meta name=\"twitter:data1\" content=\"2 minutos\" \/>\n<script type=\"application\/ld+json\" class=\"yoast-schema-graph\">{\"@context\":\"https:\/\/schema.org\",\"@graph\":[{\"@type\":\"WebPage\",\"@id\":\"https:\/\/embassymototours.com\/es\/cookies\/\",\"url\":\"https:\/\/embassymototours.com\/es\/cookies\/\",\"name\":\"Cookies | Embassy Moto Tours\",\"isPartOf\":{\"@id\":\"https:\/\/embassymototours.com\/#website\"},\"datePublished\":\"2024-05-30T10:52:58+00:00\",\"dateModified\":\"2024-05-30T11:03:36+00:00\",\"breadcrumb\":{\"@id\":\"https:\/\/embassymototours.com\/es\/cookies\/#breadcrumb\"},\"inLanguage\":\"es\",\"potentialAction\":[{\"@type\":\"ReadAction\",\"target\":[\"https:\/\/embassymototours.com\/es\/cookies\/\"]}]},{\"@type\":\"BreadcrumbList\",\"@id\":\"https:\/\/embassymototours.com\/es\/cookies\/#breadcrumb\",\"itemListElement\":[{\"@type\":\"ListItem\",\"position\":1,\"name\":\"Home\",\"item\":\"https:\/\/embassymototours.com\/es\/\"},{\"@type\":\"ListItem\",\"position\":2,\"name\":\"Cookies\"}]},{\"@type\":\"WebSite\",\"@id\":\"https:\/\/embassymototours.com\/#website\",\"url\":\"https:\/\/embassymototours.com\/\",\"name\":\"Embassy Moto Tours\",\"description\":\"\",\"publisher\":{\"@id\":\"https:\/\/embassymototours.com\/#organization\"},\"potentialAction\":[{\"@type\":\"SearchAction\",\"target\":{\"@type\":\"EntryPoint\",\"urlTemplate\":\"https:\/\/embassymototours.com\/?s={search_term_string}\"},\"query-input\":{\"@type\":\"PropertyValueSpecification\",\"valueRequired\":true,\"valueName\":\"search_term_string\"}}],\"inLanguage\":\"es\"},{\"@type\":\"Organization\",\"@id\":\"https:\/\/embassymototours.com\/#organization\",\"name\":\"Embassy Moto Tours\",\"url\":\"https:\/\/embassymototours.com\/\",\"logo\":{\"@type\":\"ImageObject\",\"inLanguage\":\"es\",\"@id\":\"https:\/\/embassymototours.com\/#\/schema\/logo\/image\/\",\"url\":\"https:\/\/embassymototours.com\/wp-content\/uploads\/2024\/04\/cropped-organized_moto_tours_barcelona_moto_embassy_tours.jpg\",\"contentUrl\":\"https:\/\/embassymototours.com\/wp-content\/uploads\/2024\/04\/cropped-organized_moto_tours_barcelona_moto_embassy_tours.jpg\",\"width\":512,\"height\":512,\"caption\":\"Embassy Moto Tours\"},\"image\":{\"@id\":\"https:\/\/embassymototours.com\/#\/schema\/logo\/image\/\"}}]}<\/script>\n<!-- \/ Yoast SEO plugin. -->","yoast_head_json":{"title":"Cookies | Embassy Moto Tours","robots":{"index":"index","follow":"follow","max-snippet":"max-snippet:-1","max-image-preview":"max-image-preview:large","max-video-preview":"max-video-preview:-1"},"canonical":"https:\/\/embassymototours.com\/es\/cookies\/","og_locale":"es_ES","og_type":"article","og_title":"Cookies | Embassy Moto Tours","og_url":"https:\/\/embassymototours.com\/es\/cookies\/","og_site_name":"Embassy Moto Tours","article_modified_time":"2024-05-30T11:03:36+00:00","og_image":[{"width":294,"height":294,"url":"https:\/\/embassymototours.com\/wp-content\/uploads\/2024\/04\/organized_moto_tours_barcelona_moto_embassy_tours.jpg","type":"image\/jpeg"}],"twitter_card":"summary_large_image","twitter_misc":{"Tiempo de lectura":"2 minutos"},"schema":{"@context":"https:\/\/schema.org","@graph":[{"@type":"WebPage","@id":"https:\/\/embassymototours.com\/es\/cookies\/","url":"https:\/\/embassymototours.com\/es\/cookies\/","name":"Cookies | Embassy Moto Tours","isPartOf":{"@id":"https:\/\/embassymototours.com\/#website"},"datePublished":"2024-05-30T10:52:58+00:00","dateModified":"2024-05-30T11:03:36+00:00","breadcrumb":{"@id":"https:\/\/embassymototours.com\/es\/cookies\/#breadcrumb"},"inLanguage":"es","potentialAction":[{"@type":"ReadAction","target":["https:\/\/embassymototours.com\/es\/cookies\/"]}]},{"@type":"BreadcrumbList","@id":"https:\/\/embassymototours.com\/es\/cookies\/#breadcrumb","itemListElement":[{"@type":"ListItem","position":1,"name":"Home","item":"https:\/\/embassymototours.com\/es\/"},{"@type":"ListItem","position":2,"name":"Cookies"}]},{"@type":"WebSite","@id":"https:\/\/embassymototours.com\/#website","url":"https:\/\/embassymototours.com\/","name":"Embassy Moto Tours","description":"","publisher":{"@id":"https:\/\/embassymototours.com\/#organization"},"potentialAction":[{"@type":"SearchAction","target":{"@type":"EntryPoint","urlTemplate":"https:\/\/embassymototours.com\/?s={search_term_string}"},"query-input":{"@type":"PropertyValueSpecification","valueRequired":true,"valueName":"search_term_string"}}],"inLanguage":"es"},{"@type":"Organization","@id":"https:\/\/embassymototours.com\/#organization","name":"Embassy Moto Tours","url":"https:\/\/embassymototours.com\/","logo":{"@type":"ImageObject","inLanguage":"es","@id":"https:\/\/embassymototours.com\/#\/schema\/logo\/image\/","url":"https:\/\/embassymototours.com\/wp-content\/uploads\/2024\/04\/cropped-organized_moto_tours_barcelona_moto_embassy_tours.jpg","contentUrl":"https:\/\/embassymototours.com\/wp-content\/uploads\/2024\/04\/cropped-organized_moto_tours_barcelona_moto_embassy_tours.jpg","width":512,"height":512,"caption":"Embassy Moto Tours"},"image":{"@id":"https:\/\/embassymototours.com\/#\/schema\/logo\/image\/"}}]}},"featured_image_src":null,"featured_image_src_square":null,"_links":{"self":[{"href":"https:\/\/embassymototours.com\/es\/wp-json\/wp\/v2\/pages\/1717","targetHints":{"allow":["GET"]}}],"collection":[{"href":"https:\/\/embassymototours.com\/es\/wp-json\/wp\/v2\/pages"}],"about":[{"href":"https:\/\/embassymototours.com\/es\/wp-json\/wp\/v2\/types\/page"}],"author":[{"embeddable":true,"href":"https:\/\/embassymototours.com\/es\/wp-json\/wp\/v2\/users\/3"}],"replies":[{"embeddable":true,"href":"https:\/\/embassymototours.com\/es\/wp-json\/wp\/v2\/comments?post=1717"}],"version-history":[{"count":1,"href":"https:\/\/embassymototours.com\/es\/wp-json\/wp\/v2\/pages\/1717\/revisions"}],"predecessor-version":[{"id":1719,"href":"https:\/\/embassymototours.com\/es\/wp-json\/wp\/v2\/pages\/1717\/revisions\/1719"}],"wp:attachment":[{"href":"https:\/\/embassymototours.com\/es\/wp-json\/wp\/v2\/media?parent=1717"}],"curies":[{"name":"wp","href":"https:\/\/api.w.org\/{rel}","templated":true}]}}