
{"id":1137,"date":"2024-04-03T20:58:03","date_gmt":"2024-04-03T20:58:03","guid":{"rendered":"https:\/\/embassymototours.com\/routes\/"},"modified":"2025-10-09T07:39:22","modified_gmt":"2025-10-09T07:39:22","slug":"rutas-moto","status":"publish","type":"page","link":"https:\/\/embassymototours.com\/es\/rutas-moto\/","title":{"rendered":"Las Rutas"},"content":{"rendered":"<section class=\"base-section hero hero-content-section  size-default  heading-white text-white hero-block-routes\" style=\"background:url(https:\/\/embassymototours.com\/wp-content\/uploads\/2024\/04\/Mask-group-12.png) no-repeat; text-align: left!important; margin: 0px 0 0px; padding: 0px 0 0px;\" id=\"block_cf8bcef06d22cd71f1d3c5244e230b8c\">\n        <div class=\"container-fluid\" id=\"\" >\n        <div class=\"row align-items-center content-hero\" data-aos=\"fade-right\" data-aos-duration=\"700\">\n            <div class=\"position-relative box-hero\">\n                <div class=\"overlay-content\" style=\"background: #000000; opacity: 0.8; mix-blend-mode: initial; z-index: 1;\"><\/div>                <div class=\"z-2 position-relative square-hero\">\n                    <div class=\"content-text align-items-center\">\n                         \n                        <div class=\" text-xxxl-center hero-title\"><h1>LAS RUTAS<\/h1><\/div>\n                        <div class=\" border-left position-relative hero-text\"><p>Cada d\u00eda de ruta comenzar\u00e1 y terminar\u00e1 en Sitges. De esta manera, podr\u00e1s disfrutar de la monta\u00f1a pero tambi\u00e9n de la playa para tener una experiencia de 360\u00ba. Las rutas ser\u00e1n en grupos peque\u00f1os, con un m\u00e1ximo de 12 motocicletas. \u00a1Si deseas exclusividad, <a href=\"https:\/\/embassymototours.com\/es\/contacto\/\">cont\u00e1ctanos<\/a> por favor!<\/p>\n <\/div>\n                    <\/div> \n\n                                    <\/div>\n            <\/div>\n        <\/div>\n        \n    <\/div>\n<\/section>\n \n\n<section data-aos=\"fade-down\" class=\"route-section  size-default  heading-white text-white \" style=\"background:none no-repeat; text-align: left!important; margin: 0px 0 0px; padding: 0px 0 0px;\" id=\"block_60ab157e5412d7304d2b40a695c060af\">\n            <div class=\"container\" id=\"\">\n    <div class=\"row post-type\">\n        <div class=\"col-md-12 route-content\">\n                        <div class=\"route-box\" data-aos=\"fade-up\" data-aos-duration=\"800\">\n                  \n                    <div class=\"route-text\">\n                            <h4 style=\"font-size: 23px\">Sitges &#8211; Barcelona &#8211; Catalunya<\/h4>\n                        <h2>Pack BARCELONA<\/h2>\n                        <a href=\"https:\/\/embassymototours.com\/es\/route\/pack-barcelona\/\" class=\"route-link\">Detalles de Ruta <\/a>\n                    <\/div>\n                    \n                    <div class=\"route-thumbnail\" style=\"background-image: url('https:\/\/embassymototours.com\/wp-content\/uploads\/2024\/04\/Packs_Horitzontals_Mesa-de-trabajo-1.jpg')\">\n                    <\/div>\n   \n                <\/div>\n\n                        <div class=\"route-box\" data-aos=\"fade-up\" data-aos-duration=\"800\">\n                  \n                    <div class=\"route-text\">\n                            <h4 style=\"font-size: 23px\">Barcelona &#8211; Pirineos &#8211; Francia &#8211; Andorra<\/h4>\n                        <h2>Pack PIRINEOS<\/h2>\n                        <a href=\"https:\/\/embassymototours.com\/es\/route\/pack-pirineos\/\" class=\"route-link\">Detalles de Ruta <\/a>\n                    <\/div>\n                    \n                    <div class=\"route-thumbnail\" style=\"background-image: url('https:\/\/embassymototours.com\/wp-content\/uploads\/2024\/04\/Packs_Horitzontals_Mesa-de-trabajo-1-copia.jpg')\">\n                    <\/div>\n   \n                <\/div>\n\n                        <div class=\"route-box\" data-aos=\"fade-up\" data-aos-duration=\"800\">\n                  \n                    <div class=\"route-text\">\n                            <h4 style=\"font-size: 23px\">Barcelona &#8211; Madrid &#8211; Picos de Europa &#8211; Pirineo<\/h4>\n                        <h2>Pack NORTE ESPA\u00d1A<\/h2>\n                        <a href=\"https:\/\/embassymototours.com\/es\/route\/pack-norte-espana\/\" class=\"route-link\">Detalles de Ruta <\/a>\n                    <\/div>\n                    \n                    <div class=\"route-thumbnail\" style=\"background-image: url('https:\/\/embassymototours.com\/wp-content\/uploads\/2024\/04\/Packs_Horitzontals_Mesa-de-trabajo-1-copia-2.jpg')\">\n                    <\/div>\n   \n                <\/div>\n\n                        <div class=\"route-box\" data-aos=\"fade-up\" data-aos-duration=\"800\">\n                  \n                    <div class=\"route-text\">\n                            <h4 style=\"font-size: 23px\">Barcelona &#8211; Alpes &#8211; Francia &#8211; Italia &#8211; Suiza &#8211; Austria<\/h4>\n                        <h2>Pack EUROPA<\/h2>\n                        <a href=\"https:\/\/embassymototours.com\/es\/route\/pack-europa\/\" class=\"route-link\">Detalles de Ruta <\/a>\n                    <\/div>\n                    \n                    <div class=\"route-thumbnail\" style=\"background-image: url('https:\/\/embassymototours.com\/wp-content\/uploads\/2024\/04\/Packs_Horitzontals_Mesa-de-trabajo-1-copia-3.jpg')\">\n                    <\/div>\n   \n                <\/div>\n\n                <\/div>\n    <\/div>\n<\/div>\n<script>\n    document.addEventListener('DOMContentLoaded', function() {\n        var titlePage = document.title.replace(\/\\s+\/g, '_').toLowerCase();\n        document.body.classList.add(titlePage);\n    });\n<\/script>\n<\/section>\n \n","protected":false},"excerpt":{"rendered":"","protected":false},"author":3,"featured_media":1739,"parent":0,"menu_order":0,"comment_status":"closed","ping_status":"closed","template":"","meta":{"_acf_changed":false,"inline_featured_image":false,"_genesis_hide_title":false,"_genesis_hide_breadcrumbs":false,"_genesis_hide_singular_image":false,"_genesis_hide_footer_widgets":false,"_genesis_custom_body_class":"","_genesis_custom_post_class":"","_genesis_layout":"","footnotes":""},"class_list":{"0":"post-1137","1":"page","2":"type-page","3":"status-publish","4":"has-post-thumbnail","6":"entry"},"acf":[],"yoast_head":"<!-- This site is optimized with the Yoast SEO plugin v26.7 - https:\/\/yoast.com\/wordpress\/plugins\/seo\/ -->\n<title>Rutas en Moto en Espa\u00f1a | Embassy Moto Tours<\/title>\n<meta name=\"description\" content=\"Descubre aqu\u00ed todas nuestras rutas en moto en Espa\u00f1a. \u00a1Desde Sitges, visitar\u00e1s muchos lugares relevantes de Catalu\u00f1a junto a nosotros!\" \/>\n<meta name=\"robots\" content=\"index, follow, max-snippet:-1, max-image-preview:large, max-video-preview:-1\" \/>\n<link rel=\"canonical\" href=\"https:\/\/embassymototours.com\/es\/rutas-moto\/\" \/>\n<meta property=\"og:locale\" content=\"es_ES\" \/>\n<meta property=\"og:type\" content=\"article\" \/>\n<meta property=\"og:title\" content=\"Rutas en Moto en Espa\u00f1a | Embassy Moto Tours\" \/>\n<meta property=\"og:description\" content=\"Descubre aqu\u00ed todas nuestras rutas en moto en Espa\u00f1a. \u00a1Desde Sitges, visitar\u00e1s muchos lugares relevantes de Catalu\u00f1a junto a nosotros!\" \/>\n<meta property=\"og:url\" content=\"https:\/\/embassymototours.com\/es\/rutas-moto\/\" \/>\n<meta property=\"og:site_name\" content=\"Embassy Moto Tours\" \/>\n<meta property=\"article:modified_time\" content=\"2025-10-09T07:39:22+00:00\" \/>\n<meta property=\"og:image\" content=\"https:\/\/embassymototours.com\/wp-content\/uploads\/2024\/06\/motorbike_routes_barcelona_moto_embassy_tours-1.jpg\" \/>\n\t<meta property=\"og:image:width\" content=\"1440\" \/>\n\t<meta property=\"og:image:height\" content=\"341\" \/>\n\t<meta property=\"og:image:type\" content=\"image\/jpeg\" \/>\n<meta name=\"twitter:card\" content=\"summary_large_image\" \/>\n<meta name=\"twitter:label1\" content=\"Tiempo de lectura\" \/>\n\t<meta name=\"twitter:data1\" content=\"1 minuto\" \/>\n<script type=\"application\/ld+json\" class=\"yoast-schema-graph\">{\"@context\":\"https:\/\/schema.org\",\"@graph\":[{\"@type\":\"WebPage\",\"@id\":\"https:\/\/embassymototours.com\/es\/rutas-moto\/\",\"url\":\"https:\/\/embassymototours.com\/es\/rutas-moto\/\",\"name\":\"Rutas en Moto en Espa\u00f1a | Embassy Moto Tours\",\"isPartOf\":{\"@id\":\"https:\/\/embassymototours.com\/#website\"},\"primaryImageOfPage\":{\"@id\":\"https:\/\/embassymototours.com\/es\/rutas-moto\/#primaryimage\"},\"image\":{\"@id\":\"https:\/\/embassymototours.com\/es\/rutas-moto\/#primaryimage\"},\"thumbnailUrl\":\"https:\/\/embassymototours.com\/wp-content\/uploads\/2024\/06\/motorbike_routes_barcelona_moto_embassy_tours-1.jpg\",\"datePublished\":\"2024-04-03T20:58:03+00:00\",\"dateModified\":\"2025-10-09T07:39:22+00:00\",\"description\":\"Descubre aqu\u00ed todas nuestras rutas en moto en Espa\u00f1a. \u00a1Desde Sitges, visitar\u00e1s muchos lugares relevantes de Catalu\u00f1a junto a nosotros!\",\"breadcrumb\":{\"@id\":\"https:\/\/embassymototours.com\/es\/rutas-moto\/#breadcrumb\"},\"inLanguage\":\"es\",\"potentialAction\":[{\"@type\":\"ReadAction\",\"target\":[\"https:\/\/embassymototours.com\/es\/rutas-moto\/\"]}]},{\"@type\":\"ImageObject\",\"inLanguage\":\"es\",\"@id\":\"https:\/\/embassymototours.com\/es\/rutas-moto\/#primaryimage\",\"url\":\"https:\/\/embassymototours.com\/wp-content\/uploads\/2024\/06\/motorbike_routes_barcelona_moto_embassy_tours-1.jpg\",\"contentUrl\":\"https:\/\/embassymototours.com\/wp-content\/uploads\/2024\/06\/motorbike_routes_barcelona_moto_embassy_tours-1.jpg\",\"width\":1440,\"height\":341,\"caption\":\"Many turns in a countryside road, our motorbike tours have lots of them.\"},{\"@type\":\"BreadcrumbList\",\"@id\":\"https:\/\/embassymototours.com\/es\/rutas-moto\/#breadcrumb\",\"itemListElement\":[{\"@type\":\"ListItem\",\"position\":1,\"name\":\"Home\",\"item\":\"https:\/\/embassymototours.com\/es\/\"},{\"@type\":\"ListItem\",\"position\":2,\"name\":\"Las Rutas\"}]},{\"@type\":\"WebSite\",\"@id\":\"https:\/\/embassymototours.com\/#website\",\"url\":\"https:\/\/embassymototours.com\/\",\"name\":\"Embassy Moto Tours\",\"description\":\"\",\"publisher\":{\"@id\":\"https:\/\/embassymototours.com\/#organization\"},\"potentialAction\":[{\"@type\":\"SearchAction\",\"target\":{\"@type\":\"EntryPoint\",\"urlTemplate\":\"https:\/\/embassymototours.com\/?s={search_term_string}\"},\"query-input\":{\"@type\":\"PropertyValueSpecification\",\"valueRequired\":true,\"valueName\":\"search_term_string\"}}],\"inLanguage\":\"es\"},{\"@type\":\"Organization\",\"@id\":\"https:\/\/embassymototours.com\/#organization\",\"name\":\"Embassy Moto Tours\",\"url\":\"https:\/\/embassymototours.com\/\",\"logo\":{\"@type\":\"ImageObject\",\"inLanguage\":\"es\",\"@id\":\"https:\/\/embassymototours.com\/#\/schema\/logo\/image\/\",\"url\":\"https:\/\/embassymototours.com\/wp-content\/uploads\/2024\/04\/cropped-organized_moto_tours_barcelona_moto_embassy_tours.jpg\",\"contentUrl\":\"https:\/\/embassymototours.com\/wp-content\/uploads\/2024\/04\/cropped-organized_moto_tours_barcelona_moto_embassy_tours.jpg\",\"width\":512,\"height\":512,\"caption\":\"Embassy Moto Tours\"},\"image\":{\"@id\":\"https:\/\/embassymototours.com\/#\/schema\/logo\/image\/\"}}]}<\/script>\n<!-- \/ Yoast SEO plugin. -->","yoast_head_json":{"title":"Rutas en Moto en Espa\u00f1a | Embassy Moto Tours","description":"Descubre aqu\u00ed todas nuestras rutas en moto en Espa\u00f1a. \u00a1Desde Sitges, visitar\u00e1s muchos lugares relevantes de Catalu\u00f1a junto a nosotros!","robots":{"index":"index","follow":"follow","max-snippet":"max-snippet:-1","max-image-preview":"max-image-preview:large","max-video-preview":"max-video-preview:-1"},"canonical":"https:\/\/embassymototours.com\/es\/rutas-moto\/","og_locale":"es_ES","og_type":"article","og_title":"Rutas en Moto en Espa\u00f1a | Embassy Moto Tours","og_description":"Descubre aqu\u00ed todas nuestras rutas en moto en Espa\u00f1a. \u00a1Desde Sitges, visitar\u00e1s muchos lugares relevantes de Catalu\u00f1a junto a nosotros!","og_url":"https:\/\/embassymototours.com\/es\/rutas-moto\/","og_site_name":"Embassy Moto Tours","article_modified_time":"2025-10-09T07:39:22+00:00","og_image":[{"width":1440,"height":341,"url":"https:\/\/embassymototours.com\/wp-content\/uploads\/2024\/06\/motorbike_routes_barcelona_moto_embassy_tours-1.jpg","type":"image\/jpeg"}],"twitter_card":"summary_large_image","twitter_misc":{"Tiempo de lectura":"1 minuto"},"schema":{"@context":"https:\/\/schema.org","@graph":[{"@type":"WebPage","@id":"https:\/\/embassymototours.com\/es\/rutas-moto\/","url":"https:\/\/embassymototours.com\/es\/rutas-moto\/","name":"Rutas en Moto en Espa\u00f1a | Embassy Moto Tours","isPartOf":{"@id":"https:\/\/embassymototours.com\/#website"},"primaryImageOfPage":{"@id":"https:\/\/embassymototours.com\/es\/rutas-moto\/#primaryimage"},"image":{"@id":"https:\/\/embassymototours.com\/es\/rutas-moto\/#primaryimage"},"thumbnailUrl":"https:\/\/embassymototours.com\/wp-content\/uploads\/2024\/06\/motorbike_routes_barcelona_moto_embassy_tours-1.jpg","datePublished":"2024-04-03T20:58:03+00:00","dateModified":"2025-10-09T07:39:22+00:00","description":"Descubre aqu\u00ed todas nuestras rutas en moto en Espa\u00f1a. \u00a1Desde Sitges, visitar\u00e1s muchos lugares relevantes de Catalu\u00f1a junto a nosotros!","breadcrumb":{"@id":"https:\/\/embassymototours.com\/es\/rutas-moto\/#breadcrumb"},"inLanguage":"es","potentialAction":[{"@type":"ReadAction","target":["https:\/\/embassymototours.com\/es\/rutas-moto\/"]}]},{"@type":"ImageObject","inLanguage":"es","@id":"https:\/\/embassymototours.com\/es\/rutas-moto\/#primaryimage","url":"https:\/\/embassymototours.com\/wp-content\/uploads\/2024\/06\/motorbike_routes_barcelona_moto_embassy_tours-1.jpg","contentUrl":"https:\/\/embassymototours.com\/wp-content\/uploads\/2024\/06\/motorbike_routes_barcelona_moto_embassy_tours-1.jpg","width":1440,"height":341,"caption":"Many turns in a countryside road, our motorbike tours have lots of them."},{"@type":"BreadcrumbList","@id":"https:\/\/embassymototours.com\/es\/rutas-moto\/#breadcrumb","itemListElement":[{"@type":"ListItem","position":1,"name":"Home","item":"https:\/\/embassymototours.com\/es\/"},{"@type":"ListItem","position":2,"name":"Las Rutas"}]},{"@type":"WebSite","@id":"https:\/\/embassymototours.com\/#website","url":"https:\/\/embassymototours.com\/","name":"Embassy Moto Tours","description":"","publisher":{"@id":"https:\/\/embassymototours.com\/#organization"},"potentialAction":[{"@type":"SearchAction","target":{"@type":"EntryPoint","urlTemplate":"https:\/\/embassymototours.com\/?s={search_term_string}"},"query-input":{"@type":"PropertyValueSpecification","valueRequired":true,"valueName":"search_term_string"}}],"inLanguage":"es"},{"@type":"Organization","@id":"https:\/\/embassymototours.com\/#organization","name":"Embassy Moto Tours","url":"https:\/\/embassymototours.com\/","logo":{"@type":"ImageObject","inLanguage":"es","@id":"https:\/\/embassymototours.com\/#\/schema\/logo\/image\/","url":"https:\/\/embassymototours.com\/wp-content\/uploads\/2024\/04\/cropped-organized_moto_tours_barcelona_moto_embassy_tours.jpg","contentUrl":"https:\/\/embassymototours.com\/wp-content\/uploads\/2024\/04\/cropped-organized_moto_tours_barcelona_moto_embassy_tours.jpg","width":512,"height":512,"caption":"Embassy Moto Tours"},"image":{"@id":"https:\/\/embassymototours.com\/#\/schema\/logo\/image\/"}}]}},"featured_image_src":"https:\/\/embassymototours.com\/wp-content\/uploads\/2024\/06\/motorbike_routes_barcelona_moto_embassy_tours-1-600x341.jpg","featured_image_src_square":"https:\/\/embassymototours.com\/wp-content\/uploads\/2024\/06\/motorbike_routes_barcelona_moto_embassy_tours-1-600x341.jpg","_links":{"self":[{"href":"https:\/\/embassymototours.com\/es\/wp-json\/wp\/v2\/pages\/1137","targetHints":{"allow":["GET"]}}],"collection":[{"href":"https:\/\/embassymototours.com\/es\/wp-json\/wp\/v2\/pages"}],"about":[{"href":"https:\/\/embassymototours.com\/es\/wp-json\/wp\/v2\/types\/page"}],"author":[{"embeddable":true,"href":"https:\/\/embassymototours.com\/es\/wp-json\/wp\/v2\/users\/3"}],"replies":[{"embeddable":true,"href":"https:\/\/embassymototours.com\/es\/wp-json\/wp\/v2\/comments?post=1137"}],"version-history":[{"count":11,"href":"https:\/\/embassymototours.com\/es\/wp-json\/wp\/v2\/pages\/1137\/revisions"}],"predecessor-version":[{"id":2016,"href":"https:\/\/embassymototours.com\/es\/wp-json\/wp\/v2\/pages\/1137\/revisions\/2016"}],"wp:featuredmedia":[{"embeddable":true,"href":"https:\/\/embassymototours.com\/es\/wp-json\/wp\/v2\/media\/1739"}],"wp:attachment":[{"href":"https:\/\/embassymototours.com\/es\/wp-json\/wp\/v2\/media?parent=1137"}],"curies":[{"name":"wp","href":"https:\/\/api.w.org\/{rel}","templated":true}]}}