
{"id":1117,"date":"2024-04-04T21:39:01","date_gmt":"2024-04-04T21:39:01","guid":{"rendered":"https:\/\/embassymototours.com\/the-bikes\/"},"modified":"2025-10-09T07:42:05","modified_gmt":"2025-10-09T07:42:05","slug":"las-motos","status":"publish","type":"page","link":"https:\/\/embassymototours.com\/es\/las-motos\/","title":{"rendered":"Motocicletas"},"content":{"rendered":"<section class=\"base-section hero hero-content-section  size-default  heading-white text-white \" style=\"background:url(https:\/\/embassymototours.com\/wp-content\/uploads\/2024\/05\/motorcycles_for_tours_barcelona_embassy_moto_tours-scaled.jpg) no-repeat; text-align: left!important; margin: 0px 0 0px; padding: 0px 0 0px;\" id=\"block_cb75cddf16dcc3a4fa5e2c211e7917fe\">\n        <div class=\"container-fluid\" id=\"\" >\n        <div class=\"row align-items-center content-hero\" data-aos=\"fade-right\" data-aos-duration=\"700\">\n            <div class=\"position-relative box-hero\">\n                <div class=\"overlay-content\" style=\"background: #000000; opacity: 0.8; mix-blend-mode: initial; z-index: 1;\"><\/div>                <div class=\"z-2 position-relative square-hero\">\n                    <div class=\"content-text align-items-center\">\n                         \n                        <div class=\" text-xxxl-center hero-title\"><h1>MOTOCICLETAS<\/h1><\/div>\n                        <div class=\" border-left position-relative hero-text\"><p>En Embassy, entendemos la importancia de la elecci\u00f3n de tu motocicleta para una experiencia de viaje extraordinaria. Nuestra flota de motocicletas se basa en modelos Touring con tecnolog\u00eda de vanguardia, que brindan la emoci\u00f3n de una moto de alto rendimiento sin sacrificar la comodidad. Meticulosamente mantenidas, nuestras motocicletas garantizan un viaje inolvidable para cada piloto en el camino abierto.<\/p>\n <\/div>\n                    <\/div> \n\n                                    <\/div>\n            <\/div>\n        <\/div>\n        \n    <\/div>\n<\/section>\n \n\n\n<section class=\"wp-block-group section-list-bikes\"><div class=\"wp-block-group__inner-container is-layout-constrained wp-block-group-is-layout-constrained\">\r\n\t\t<div  class=\"block-4d3ebd9a-2d53-4bfa-a1cb-8e66770160c5 areoi-element container\">\r\n\t\t\t\r\n\t\t\t\n\r\n\t\t<div  class=\"block-567a78b4-b97f-4f42-b7fa-c8adf3ee1d9c row areoi-element\">\r\n\t\t\t\r\n\r\n\t\t\t\n\r\n\t\t<div  class=\"block-7e8a7b98-4e28-4ecb-8af7-d8d0ea6c6f84 col areoi-element\">\r\n\t\t\t\r\n\t\t\t\n<div class=\"list-bikes\">\n    <div class=\"row\">\n                    <div class=\"col-12 col-xl-6\">\n                <div class=\"item-bike\" data-aos=\"fade-up\" data-aos-duration=\"800\">\n                    <div class=\"item-bike--title\">\n                        <h4>R1300 GS<\/h4>\n                        <a class=\"btn-site btn-outline btn-color-white\" href=\"https:\/\/embassymototours.com\/es\/bike\/r-1300-gs\/\">DETALLES DE LA MOTOCICLETA<\/a>\n                    <\/div>\n                    <div class=\"item-bike--img\">\n                        <img decoding=\"async\" src=\"https:\/\/embassymototours.com\/wp-content\/uploads\/2025\/10\/R1300GS.png\" alt=\"embassy bike\">\n                                                    <img decoding=\"async\" class=\"logo\" src=\"https:\/\/embassymototours.com\/wp-content\/uploads\/2024\/04\/BMW.png\" alt=\"BMW\">\n                                            <\/div>\n                <\/div>\n            <\/div>\n                                <div class=\"col-12 col-xl-6\">\n                <div class=\"item-bike\" data-aos=\"fade-up\" data-aos-duration=\"800\">\n                    <div class=\"item-bike--title\">\n                        <h4>AFRICA TWIN 1100<\/h4>\n                        <a class=\"btn-site btn-outline btn-color-white\" href=\"https:\/\/embassymototours.com\/es\/bike\/africa-twin-1100\/\">DETALLES DE LA MOTOCICLETA<\/a>\n                    <\/div>\n                    <div class=\"item-bike--img\">\n                        <img decoding=\"async\" src=\"https:\/\/embassymototours.com\/wp-content\/uploads\/2024\/04\/CRF1100-L-AFRICA-TWIN.png\" alt=\"embassy bike\">\n                                                    <img decoding=\"async\" class=\"logo\" src=\"https:\/\/embassymototours.com\/wp-content\/uploads\/2024\/04\/Honda.png\" alt=\"Honda\">\n                                            <\/div>\n                <\/div>\n            <\/div>\n                                <div class=\"col-12 col-xl-6\">\n                <div class=\"item-bike\" data-aos=\"fade-up\" data-aos-duration=\"800\">\n                    <div class=\"item-bike--title\">\n                        <h4>R1300 RT<\/h4>\n                        <a class=\"btn-site btn-outline btn-color-white\" href=\"https:\/\/embassymototours.com\/es\/bike\/r1300-rt\/\">DETALLES DE LA MOTOCICLETA<\/a>\n                    <\/div>\n                    <div class=\"item-bike--img\">\n                        <img decoding=\"async\" src=\"https:\/\/embassymototours.com\/wp-content\/uploads\/2025\/10\/R-1300-RT.png\" alt=\"embassy bike\">\n                                                    <img decoding=\"async\" class=\"logo\" src=\"https:\/\/embassymototours.com\/wp-content\/uploads\/2024\/04\/BMW.png\" alt=\"BMW\">\n                                            <\/div>\n                <\/div>\n            <\/div>\n                                <div class=\"col-12 col-xl-6\">\n                <div class=\"item-bike\" data-aos=\"fade-up\" data-aos-duration=\"800\">\n                    <div class=\"item-bike--title\">\n                        <h4>NT 1100<\/h4>\n                        <a class=\"btn-site btn-outline btn-color-white\" href=\"https:\/\/embassymototours.com\/es\/bike\/nt-1100\/\">DETALLES DE LA MOTOCICLETA<\/a>\n                    <\/div>\n                    <div class=\"item-bike--img\">\n                        <img decoding=\"async\" src=\"https:\/\/embassymototours.com\/wp-content\/uploads\/2025\/10\/NT-1100.png\" alt=\"embassy bike\">\n                                                    <img decoding=\"async\" class=\"logo\" src=\"https:\/\/embassymototours.com\/wp-content\/uploads\/2024\/04\/Honda.png\" alt=\"Honda\">\n                                            <\/div>\n                <\/div>\n            <\/div>\n                                <div class=\"col-12 col-xl-6\">\n                <div class=\"item-bike\" data-aos=\"fade-up\" data-aos-duration=\"800\">\n                    <div class=\"item-bike--title\">\n                        <h4>R1250 GS<\/h4>\n                        <a class=\"btn-site btn-outline btn-color-white\" href=\"https:\/\/embassymototours.com\/es\/bike\/bmw-r1250-gs\/\">DETALLES DE LA MOTOCICLETA<\/a>\n                    <\/div>\n                    <div class=\"item-bike--img\">\n                        <img decoding=\"async\" src=\"https:\/\/embassymototours.com\/wp-content\/uploads\/2024\/04\/BMW-R1250-GS.png\" alt=\"embassy bike\">\n                                                    <img decoding=\"async\" class=\"logo\" src=\"https:\/\/embassymototours.com\/wp-content\/uploads\/2024\/04\/BMW.png\" alt=\"BMW\">\n                                            <\/div>\n                <\/div>\n            <\/div>\n                                <div class=\"col-12 col-xl-6\">\n                <div class=\"item-bike\" data-aos=\"fade-up\" data-aos-duration=\"800\">\n                    <div class=\"item-bike--title\">\n                        <h4>Transalp 750<\/h4>\n                        <a class=\"btn-site btn-outline btn-color-white\" href=\"https:\/\/embassymototours.com\/es\/bike\/transalp-750\/\">DETALLES DE LA MOTOCICLETA<\/a>\n                    <\/div>\n                    <div class=\"item-bike--img\">\n                        <img decoding=\"async\" src=\"https:\/\/embassymototours.com\/wp-content\/uploads\/2025\/10\/XL750-Transalp.png\" alt=\"embassy bike\">\n                                                    <img decoding=\"async\" class=\"logo\" src=\"https:\/\/embassymototours.com\/wp-content\/uploads\/2024\/04\/Honda.png\" alt=\"Honda\">\n                                            <\/div>\n                <\/div>\n            <\/div>\n                                <div class=\"col-12 col-xl-6\">\n                <div class=\"item-bike\" data-aos=\"fade-up\" data-aos-duration=\"800\">\n                    <div class=\"item-bike--title\">\n                        <h4>F900 GS<\/h4>\n                        <a class=\"btn-site btn-outline btn-color-white\" href=\"https:\/\/embassymototours.com\/es\/bike\/f900-gs\/\">DETALLES DE LA MOTOCICLETA<\/a>\n                    <\/div>\n                    <div class=\"item-bike--img\">\n                        <img decoding=\"async\" src=\"https:\/\/embassymototours.com\/wp-content\/uploads\/2025\/10\/F-900-GS.png\" alt=\"embassy bike\">\n                                                    <img decoding=\"async\" class=\"logo\" src=\"https:\/\/embassymototours.com\/wp-content\/uploads\/2024\/04\/BMW.png\" alt=\"BMW\">\n                                            <\/div>\n                <\/div>\n            <\/div>\n                       \n    <\/div>\n<\/div>\n\n   \n         \n \n \r\n\t\t\t\r\n\t\t<\/div>\r\n\t\n \r\n\t\t<\/div>\r\n\t\n \r\n\t\t<\/div>\r\n\t<\/div><\/section>\n","protected":false},"excerpt":{"rendered":"","protected":false},"author":3,"featured_media":1617,"parent":0,"menu_order":0,"comment_status":"closed","ping_status":"closed","template":"","meta":{"_acf_changed":false,"inline_featured_image":false,"_genesis_hide_title":false,"_genesis_hide_breadcrumbs":false,"_genesis_hide_singular_image":false,"_genesis_hide_footer_widgets":false,"_genesis_custom_body_class":"","_genesis_custom_post_class":"","_genesis_layout":"","footnotes":""},"class_list":{"0":"post-1117","1":"page","2":"type-page","3":"status-publish","4":"has-post-thumbnail","6":"entry"},"acf":[],"yoast_head":"<!-- This site is optimized with the Yoast SEO plugin v26.7 - https:\/\/yoast.com\/wordpress\/plugins\/seo\/ -->\n<title>Nuestras Motos para Ruta | Embassy Moto Tours<\/title>\n<meta name=\"description\" content=\"Aqu\u00ed podr\u00e1s descubrir todas nuestras Motos de Ruta. Elige la que mejor se adapte a ti o p\u00eddenos asesoramiento.\" \/>\n<meta name=\"robots\" content=\"index, follow, max-snippet:-1, max-image-preview:large, max-video-preview:-1\" \/>\n<link rel=\"canonical\" href=\"https:\/\/embassymototours.com\/es\/las-motos\/\" \/>\n<meta property=\"og:locale\" content=\"es_ES\" \/>\n<meta property=\"og:type\" content=\"article\" \/>\n<meta property=\"og:title\" content=\"Nuestras Motos para Ruta | Embassy Moto Tours\" \/>\n<meta property=\"og:description\" content=\"Aqu\u00ed podr\u00e1s descubrir todas nuestras Motos de Ruta. Elige la que mejor se adapte a ti o p\u00eddenos asesoramiento.\" \/>\n<meta property=\"og:url\" content=\"https:\/\/embassymototours.com\/es\/las-motos\/\" \/>\n<meta property=\"og:site_name\" content=\"Embassy Moto Tours\" \/>\n<meta property=\"article:modified_time\" content=\"2025-10-09T07:42:05+00:00\" \/>\n<meta property=\"og:image\" content=\"https:\/\/embassymototours.com\/wp-content\/uploads\/2024\/05\/motorcycles_for_tours_barcelona_embassy_moto_tours-scaled.jpg\" \/>\n\t<meta property=\"og:image:width\" content=\"2560\" \/>\n\t<meta property=\"og:image:height\" content=\"488\" \/>\n\t<meta property=\"og:image:type\" content=\"image\/jpeg\" \/>\n<meta name=\"twitter:card\" content=\"summary_large_image\" \/>\n<meta name=\"twitter:label1\" content=\"Tiempo de lectura\" \/>\n\t<meta name=\"twitter:data1\" content=\"1 minuto\" \/>\n<script type=\"application\/ld+json\" class=\"yoast-schema-graph\">{\"@context\":\"https:\/\/schema.org\",\"@graph\":[{\"@type\":\"WebPage\",\"@id\":\"https:\/\/embassymototours.com\/es\/las-motos\/\",\"url\":\"https:\/\/embassymototours.com\/es\/las-motos\/\",\"name\":\"Nuestras Motos para Ruta | Embassy Moto Tours\",\"isPartOf\":{\"@id\":\"https:\/\/embassymototours.com\/#website\"},\"primaryImageOfPage\":{\"@id\":\"https:\/\/embassymototours.com\/es\/las-motos\/#primaryimage\"},\"image\":{\"@id\":\"https:\/\/embassymototours.com\/es\/las-motos\/#primaryimage\"},\"thumbnailUrl\":\"https:\/\/embassymototours.com\/wp-content\/uploads\/2024\/05\/motorcycles_for_tours_barcelona_embassy_moto_tours-scaled.jpg\",\"datePublished\":\"2024-04-04T21:39:01+00:00\",\"dateModified\":\"2025-10-09T07:42:05+00:00\",\"description\":\"Aqu\u00ed podr\u00e1s descubrir todas nuestras Motos de Ruta. Elige la que mejor se adapte a ti o p\u00eddenos asesoramiento.\",\"breadcrumb\":{\"@id\":\"https:\/\/embassymototours.com\/es\/las-motos\/#breadcrumb\"},\"inLanguage\":\"es\",\"potentialAction\":[{\"@type\":\"ReadAction\",\"target\":[\"https:\/\/embassymototours.com\/es\/las-motos\/\"]}]},{\"@type\":\"ImageObject\",\"inLanguage\":\"es\",\"@id\":\"https:\/\/embassymototours.com\/es\/las-motos\/#primaryimage\",\"url\":\"https:\/\/embassymototours.com\/wp-content\/uploads\/2024\/05\/motorcycles_for_tours_barcelona_embassy_moto_tours-scaled.jpg\",\"contentUrl\":\"https:\/\/embassymototours.com\/wp-content\/uploads\/2024\/05\/motorcycles_for_tours_barcelona_embassy_moto_tours-scaled.jpg\",\"width\":2560,\"height\":488,\"caption\":\"A BMW\"},{\"@type\":\"BreadcrumbList\",\"@id\":\"https:\/\/embassymototours.com\/es\/las-motos\/#breadcrumb\",\"itemListElement\":[{\"@type\":\"ListItem\",\"position\":1,\"name\":\"Home\",\"item\":\"https:\/\/embassymototours.com\/es\/\"},{\"@type\":\"ListItem\",\"position\":2,\"name\":\"Motocicletas\"}]},{\"@type\":\"WebSite\",\"@id\":\"https:\/\/embassymototours.com\/#website\",\"url\":\"https:\/\/embassymototours.com\/\",\"name\":\"Embassy Moto Tours\",\"description\":\"\",\"publisher\":{\"@id\":\"https:\/\/embassymototours.com\/#organization\"},\"potentialAction\":[{\"@type\":\"SearchAction\",\"target\":{\"@type\":\"EntryPoint\",\"urlTemplate\":\"https:\/\/embassymototours.com\/?s={search_term_string}\"},\"query-input\":{\"@type\":\"PropertyValueSpecification\",\"valueRequired\":true,\"valueName\":\"search_term_string\"}}],\"inLanguage\":\"es\"},{\"@type\":\"Organization\",\"@id\":\"https:\/\/embassymototours.com\/#organization\",\"name\":\"Embassy Moto Tours\",\"url\":\"https:\/\/embassymototours.com\/\",\"logo\":{\"@type\":\"ImageObject\",\"inLanguage\":\"es\",\"@id\":\"https:\/\/embassymototours.com\/#\/schema\/logo\/image\/\",\"url\":\"https:\/\/embassymototours.com\/wp-content\/uploads\/2024\/04\/cropped-organized_moto_tours_barcelona_moto_embassy_tours.jpg\",\"contentUrl\":\"https:\/\/embassymototours.com\/wp-content\/uploads\/2024\/04\/cropped-organized_moto_tours_barcelona_moto_embassy_tours.jpg\",\"width\":512,\"height\":512,\"caption\":\"Embassy Moto Tours\"},\"image\":{\"@id\":\"https:\/\/embassymototours.com\/#\/schema\/logo\/image\/\"}}]}<\/script>\n<!-- \/ Yoast SEO plugin. -->","yoast_head_json":{"title":"Nuestras Motos para Ruta | Embassy Moto Tours","description":"Aqu\u00ed podr\u00e1s descubrir todas nuestras Motos de Ruta. Elige la que mejor se adapte a ti o p\u00eddenos asesoramiento.","robots":{"index":"index","follow":"follow","max-snippet":"max-snippet:-1","max-image-preview":"max-image-preview:large","max-video-preview":"max-video-preview:-1"},"canonical":"https:\/\/embassymototours.com\/es\/las-motos\/","og_locale":"es_ES","og_type":"article","og_title":"Nuestras Motos para Ruta | Embassy Moto Tours","og_description":"Aqu\u00ed podr\u00e1s descubrir todas nuestras Motos de Ruta. Elige la que mejor se adapte a ti o p\u00eddenos asesoramiento.","og_url":"https:\/\/embassymototours.com\/es\/las-motos\/","og_site_name":"Embassy Moto Tours","article_modified_time":"2025-10-09T07:42:05+00:00","og_image":[{"width":2560,"height":488,"url":"https:\/\/embassymototours.com\/wp-content\/uploads\/2024\/05\/motorcycles_for_tours_barcelona_embassy_moto_tours-scaled.jpg","type":"image\/jpeg"}],"twitter_card":"summary_large_image","twitter_misc":{"Tiempo de lectura":"1 minuto"},"schema":{"@context":"https:\/\/schema.org","@graph":[{"@type":"WebPage","@id":"https:\/\/embassymototours.com\/es\/las-motos\/","url":"https:\/\/embassymototours.com\/es\/las-motos\/","name":"Nuestras Motos para Ruta | Embassy Moto Tours","isPartOf":{"@id":"https:\/\/embassymototours.com\/#website"},"primaryImageOfPage":{"@id":"https:\/\/embassymototours.com\/es\/las-motos\/#primaryimage"},"image":{"@id":"https:\/\/embassymototours.com\/es\/las-motos\/#primaryimage"},"thumbnailUrl":"https:\/\/embassymototours.com\/wp-content\/uploads\/2024\/05\/motorcycles_for_tours_barcelona_embassy_moto_tours-scaled.jpg","datePublished":"2024-04-04T21:39:01+00:00","dateModified":"2025-10-09T07:42:05+00:00","description":"Aqu\u00ed podr\u00e1s descubrir todas nuestras Motos de Ruta. Elige la que mejor se adapte a ti o p\u00eddenos asesoramiento.","breadcrumb":{"@id":"https:\/\/embassymototours.com\/es\/las-motos\/#breadcrumb"},"inLanguage":"es","potentialAction":[{"@type":"ReadAction","target":["https:\/\/embassymototours.com\/es\/las-motos\/"]}]},{"@type":"ImageObject","inLanguage":"es","@id":"https:\/\/embassymototours.com\/es\/las-motos\/#primaryimage","url":"https:\/\/embassymototours.com\/wp-content\/uploads\/2024\/05\/motorcycles_for_tours_barcelona_embassy_moto_tours-scaled.jpg","contentUrl":"https:\/\/embassymototours.com\/wp-content\/uploads\/2024\/05\/motorcycles_for_tours_barcelona_embassy_moto_tours-scaled.jpg","width":2560,"height":488,"caption":"A BMW"},{"@type":"BreadcrumbList","@id":"https:\/\/embassymototours.com\/es\/las-motos\/#breadcrumb","itemListElement":[{"@type":"ListItem","position":1,"name":"Home","item":"https:\/\/embassymototours.com\/es\/"},{"@type":"ListItem","position":2,"name":"Motocicletas"}]},{"@type":"WebSite","@id":"https:\/\/embassymototours.com\/#website","url":"https:\/\/embassymototours.com\/","name":"Embassy Moto Tours","description":"","publisher":{"@id":"https:\/\/embassymototours.com\/#organization"},"potentialAction":[{"@type":"SearchAction","target":{"@type":"EntryPoint","urlTemplate":"https:\/\/embassymototours.com\/?s={search_term_string}"},"query-input":{"@type":"PropertyValueSpecification","valueRequired":true,"valueName":"search_term_string"}}],"inLanguage":"es"},{"@type":"Organization","@id":"https:\/\/embassymototours.com\/#organization","name":"Embassy Moto Tours","url":"https:\/\/embassymototours.com\/","logo":{"@type":"ImageObject","inLanguage":"es","@id":"https:\/\/embassymototours.com\/#\/schema\/logo\/image\/","url":"https:\/\/embassymototours.com\/wp-content\/uploads\/2024\/04\/cropped-organized_moto_tours_barcelona_moto_embassy_tours.jpg","contentUrl":"https:\/\/embassymototours.com\/wp-content\/uploads\/2024\/04\/cropped-organized_moto_tours_barcelona_moto_embassy_tours.jpg","width":512,"height":512,"caption":"Embassy Moto Tours"},"image":{"@id":"https:\/\/embassymototours.com\/#\/schema\/logo\/image\/"}}]}},"featured_image_src":"https:\/\/embassymototours.com\/wp-content\/uploads\/2024\/05\/motorcycles_for_tours_barcelona_embassy_moto_tours-600x400.jpg","featured_image_src_square":"https:\/\/embassymototours.com\/wp-content\/uploads\/2024\/05\/motorcycles_for_tours_barcelona_embassy_moto_tours-600x530.jpg","_links":{"self":[{"href":"https:\/\/embassymototours.com\/es\/wp-json\/wp\/v2\/pages\/1117","targetHints":{"allow":["GET"]}}],"collection":[{"href":"https:\/\/embassymototours.com\/es\/wp-json\/wp\/v2\/pages"}],"about":[{"href":"https:\/\/embassymototours.com\/es\/wp-json\/wp\/v2\/types\/page"}],"author":[{"embeddable":true,"href":"https:\/\/embassymototours.com\/es\/wp-json\/wp\/v2\/users\/3"}],"replies":[{"embeddable":true,"href":"https:\/\/embassymototours.com\/es\/wp-json\/wp\/v2\/comments?post=1117"}],"version-history":[{"count":26,"href":"https:\/\/embassymototours.com\/es\/wp-json\/wp\/v2\/pages\/1117\/revisions"}],"predecessor-version":[{"id":2017,"href":"https:\/\/embassymototours.com\/es\/wp-json\/wp\/v2\/pages\/1117\/revisions\/2017"}],"wp:featuredmedia":[{"embeddable":true,"href":"https:\/\/embassymototours.com\/es\/wp-json\/wp\/v2\/media\/1617"}],"wp:attachment":[{"href":"https:\/\/embassymototours.com\/es\/wp-json\/wp\/v2\/media?parent=1117"}],"curies":[{"name":"wp","href":"https:\/\/api.w.org\/{rel}","templated":true}]}}