
{"id":1091,"date":"2024-03-31T22:39:58","date_gmt":"2024-03-31T22:39:58","guid":{"rendered":"https:\/\/embassymototours.com\/blog\/"},"modified":"2025-10-30T17:00:19","modified_gmt":"2025-10-30T17:00:19","slug":"blog","status":"publish","type":"page","link":"https:\/\/embassymototours.com\/es\/blog\/","title":{"rendered":"Blog"},"content":{"rendered":"<section class=\"base-section hero hero-content-section  size-default  heading-white text-white \" style=\"background:none no-repeat; text-align: left!important; margin: 0px 0 0px; padding: 0px 0 0px;\" id=\"block_ea1bdecd3ad63cf6feff1819387327e7\">\n    <div class=\"video-container\"><video width=\"100%\" height=\"660\" autoplay loop muted><source src=\"https:\/\/embassymototours.com\/wp-content\/uploads\/2024\/04\/CLIP-SITGES-min.mp4\" type=\"video\/mp4\" \/><\/video><\/div>    <div class=\"container-fluid\" id=\"\" >\n        <div class=\"row align-items-center content-hero\" data-aos=\"fade-right\" data-aos-duration=\"700\">\n            <div class=\"position-relative box-hero\">\n                <div class=\"overlay-content\" style=\"background: #000000; opacity: 0.81; mix-blend-mode: initial; z-index: 1;\"><\/div>                <div class=\"z-2 position-relative square-hero\">\n                    <div class=\"content-text align-items-center\">\n                         \n                        <div class=\" text-xxxl-center hero-title\"><h1>ALOJAMIENTO<\/h1><\/div>\n                        <div class=\" border-left position-relative hero-text\"><p>Situada a orillas del soleado mar Mediterr\u00e1neo, Sitges invita a los turistas a disfrutar de una escapada \u00fanica. Disfrute de sus bonitas playas, pasee por calles hist\u00f3ricas con coloridas tiendas y viva animados festivales culturales. Rel\u00e1jese en lugares acogedores, saboree la gastronom\u00eda local y sienta la tranquilidad del mar en esta especial localidad de unos 30 000 habitantes. Cabe destacar que Sitges cuenta con casas pintadas de blanco, lo que le a\u00f1ade a\u00fan m\u00e1s encanto. Disfrute de una escapada de una semana en la que cada calle tiene su propia historia que contar.<\/p>\n <\/div>\n                    <\/div> \n\n                                    <\/div>\n            <\/div>\n        <\/div>\n        \n    <\/div>\n<\/section>\n \n\n\r\n\t\t<div  class=\"block-d3478679-854b-41f1-b72f-1bcddc471dbf areoi-element container blog-info\">\r\n\t\t\t\r\n\t\t\t\n\r\n\t\t<div  class=\"block-9deacc34-7a5b-4829-83bb-c4b6cff3fa9c row areoi-element  gx-0 py-0 bg-dark align-items-center\">\r\n\t\t\t\r\n\r\n\t\t\t\n\r\n\t\t<div data-aos-duration=\"450\" data-aos=\"fade-up\"  class=\"block-0cbb9e19-7d68-4057-bb13-81dad936c84d col areoi-element my-0 py-0 col-img col-3\">\r\n\t\t\t\r\n\t\t\t\n\n<figure data-wp-context=\"{&quot;imageId&quot;:&quot;69e3bba8a7f51&quot;}\" data-wp-interactive=\"core\/image\" data-wp-key=\"69e3bba8a7f51\" class=\"wp-block-image size-full mb-0 wp-lightbox-container\"><img loading=\"lazy\" decoding=\"async\" width=\"636\" height=\"448\" data-wp-class--hide=\"state.isContentHidden\" data-wp-class--show=\"state.isContentVisible\" data-wp-init=\"callbacks.setButtonStyles\" data-wp-on--click=\"actions.showLightbox\" data-wp-on--load=\"callbacks.setButtonStyles\" data-wp-on-window--resize=\"callbacks.setButtonStyles\" src=\"https:\/\/embassymototours.com\/wp-content\/uploads\/2024\/04\/f3882c0332a75afdf10b2fae98e282b8.jpeg\" alt=\"\" class=\"wp-image-598\" srcset=\"https:\/\/embassymototours.com\/wp-content\/uploads\/2024\/04\/f3882c0332a75afdf10b2fae98e282b8.jpeg 636w, https:\/\/embassymototours.com\/wp-content\/uploads\/2024\/04\/f3882c0332a75afdf10b2fae98e282b8-300x211.jpeg 300w\" sizes=\"auto, (max-width: 636px) 100vw, 636px\" \/><button\n\t\t\tclass=\"lightbox-trigger\"\n\t\t\ttype=\"button\"\n\t\t\taria-haspopup=\"dialog\"\n\t\t\taria-label=\"Agrandar\"\n\t\t\tdata-wp-init=\"callbacks.initTriggerButton\"\n\t\t\tdata-wp-on--click=\"actions.showLightbox\"\n\t\t\tdata-wp-style--right=\"state.imageButtonRight\"\n\t\t\tdata-wp-style--top=\"state.imageButtonTop\"\n\t\t>\n\t\t\t<svg xmlns=\"http:\/\/www.w3.org\/2000\/svg\" width=\"12\" height=\"12\" fill=\"none\" viewBox=\"0 0 12 12\">\n\t\t\t\t<path fill=\"#fff\" d=\"M2 0a2 2 0 0 0-2 2v2h1.5V2a.5.5 0 0 1 .5-.5h2V0H2Zm2 10.5H2a.5.5 0 0 1-.5-.5V8H0v2a2 2 0 0 0 2 2h2v-1.5ZM8 12v-1.5h2a.5.5 0 0 0 .5-.5V8H12v2a2 2 0 0 1-2 2H8Zm2-12a2 2 0 0 1 2 2v2h-1.5V2a.5.5 0 0 0-.5-.5H8V0h2Z\" \/>\n\t\t\t<\/svg>\n\t\t<\/button><\/figure>\n\n \r\n\t\t\t\r\n\t\t<\/div>\r\n\t\n\n\r\n\t\t<div data-aos-delay=\"550\" data-aos=\"fade\"  class=\"block-a74dad0b-f260-4538-8f30-da9cd09b6748 col areoi-element my-0 py-0 col-img col-3\">\r\n\t\t\t\r\n\t\t\t\n\n<figure data-wp-context=\"{&quot;imageId&quot;:&quot;69e3bba8a8471&quot;}\" data-wp-interactive=\"core\/image\" data-wp-key=\"69e3bba8a8471\" class=\"wp-block-image size-full mb-0 wp-lightbox-container\"><img loading=\"lazy\" decoding=\"async\" width=\"636\" height=\"448\" data-wp-class--hide=\"state.isContentHidden\" data-wp-class--show=\"state.isContentVisible\" data-wp-init=\"callbacks.setButtonStyles\" data-wp-on--click=\"actions.showLightbox\" data-wp-on--load=\"callbacks.setButtonStyles\" data-wp-on-window--resize=\"callbacks.setButtonStyles\" src=\"https:\/\/embassymototours.com\/wp-content\/uploads\/2024\/04\/9720a49f4a65cd8997bac587eadef323.jpeg\" alt=\"\" class=\"wp-image-596\" srcset=\"https:\/\/embassymototours.com\/wp-content\/uploads\/2024\/04\/9720a49f4a65cd8997bac587eadef323.jpeg 636w, https:\/\/embassymototours.com\/wp-content\/uploads\/2024\/04\/9720a49f4a65cd8997bac587eadef323-300x211.jpeg 300w\" sizes=\"auto, (max-width: 636px) 100vw, 636px\" \/><button\n\t\t\tclass=\"lightbox-trigger\"\n\t\t\ttype=\"button\"\n\t\t\taria-haspopup=\"dialog\"\n\t\t\taria-label=\"Agrandar\"\n\t\t\tdata-wp-init=\"callbacks.initTriggerButton\"\n\t\t\tdata-wp-on--click=\"actions.showLightbox\"\n\t\t\tdata-wp-style--right=\"state.imageButtonRight\"\n\t\t\tdata-wp-style--top=\"state.imageButtonTop\"\n\t\t>\n\t\t\t<svg xmlns=\"http:\/\/www.w3.org\/2000\/svg\" width=\"12\" height=\"12\" fill=\"none\" viewBox=\"0 0 12 12\">\n\t\t\t\t<path fill=\"#fff\" d=\"M2 0a2 2 0 0 0-2 2v2h1.5V2a.5.5 0 0 1 .5-.5h2V0H2Zm2 10.5H2a.5.5 0 0 1-.5-.5V8H0v2a2 2 0 0 0 2 2h2v-1.5ZM8 12v-1.5h2a.5.5 0 0 0 .5-.5V8H12v2a2 2 0 0 1-2 2H8Zm2-12a2 2 0 0 1 2 2v2h-1.5V2a.5.5 0 0 0-.5-.5H8V0h2Z\" \/>\n\t\t\t<\/svg>\n\t\t<\/button><\/figure>\n\n \r\n\t\t\t\r\n\t\t<\/div>\r\n\t\n\n\r\n\t\t<div data-aos-delay=\"1000\" data-aos=\"fade-up\"  class=\"block-0cbb9e19-7d68-4057-bb13-81dad936c84d col areoi-element my-0 py-0 col-text col-6\">\r\n\t\t\t\r\n\t\t\t\n\r\n\t\t<div  class=\"block-9ea9735c-d4d9-4849-9822-f5c761346ec6 areoi-element\">\r\n\t\t\t\r\n\t\t\t\n\n<h2 class=\"wp-block-heading title\">TUS VACACIONES SIGNIFICAN SITGES<\/h2>\n\n\n\n<p>Sabemos que te encanta pasar todo el d\u00eda sobre ruedas, pero nos hemos asegurado de que tengas un alojamiento estupendo. El alojamiento es en un hotel de 4 estrellas frente al mar con piscina, gimnasio, servicio de habitaciones y todo a poca distancia del centro de la ciudad.<\/p>\n\n\r\n\t\t\t \r\n\t\t<\/div>\r\n\t\n \r\n\t\t\t\r\n\t\t<\/div>\r\n\t\n \r\n\t\t<\/div>\r\n\t\n \r\n\t\t<\/div>\r\n\t\n\n\r\n\t\t<div  class=\"block-59693420-f88c-468e-8b78-923df6e94c20 areoi-element container section-experiences-blog\">\r\n\t\t\t\r\n\t\t\t\n\r\n\t\t<div  class=\"block-a621bf10-4308-4d64-b5b4-67fd87a2ee9d row areoi-element\">\r\n\t\t\t\r\n\r\n\t\t\t\n\r\n\t\t<div data-aos=\"slide-right\"  class=\"block-02a5674d-e858-439d-8d60-68e35057259c col areoi-element col-title-experiences col-3 col-md-3\">\r\n\t\t\t\r\n\t\t\t\n\n<h2 class=\"wp-block-heading efect-title efect-title2\">COCINA LOCAL<br>EXPERIENCIAS<\/h2>\n\n\n\n<p>Adem\u00e1s de montar en bicicleta, haremos varias paradas en lugares \u00fanicos y buenos restaurantes. Desde peque\u00f1os bocados (tapas) hasta almuerzos con cocina local. Tambi\u00e9n se incluyen 2 actividades gastron\u00f3micas exclusivas.<\/p>\n\n \r\n\t\t\t\r\n\t\t<\/div>\r\n\t\n\n\r\n\t\t<div  class=\"block-527577ad-d3d1-44e5-acc8-c035ba0f501a col areoi-element col-post col-9 col-md-9\">\r\n\t\t\t\r\n\t\t\t\n\r\n\t\t<div  class=\"block-8c14f745-5e4a-4bac-a1de-a05626c6d652 areoi-element container\">\r\n\t\t\t\r\n\t\t\t\n\r\n\t\t<div data-aos-duration=\"650\" data-aos=\"fade-up\"  class=\"block-f3856287-1f6d-4b40-9a78-a3511bf2eed7 row areoi-element  carousel-post\">\r\n\t\t\t\r\n\r\n\t\t\t\n\r\n\t\t<div  class=\"block-504130fa-38ec-42e8-82f8-694983bce420 col areoi-element\">\r\n\t\t\t\r\n\t\t\t\n\n<div class=\"wp-block-query is-layout-flow wp-block-query-is-layout-flow\"><ul class=\"wp-block-post-template is-layout-flow wp-block-post-template-is-layout-flow\"><li class=\"wp-block-post post-1107 post type-post status-publish format-standard has-post-thumbnail category-sin-categorizar category-wine-es entry\">\n<figure class=\"alignwide wp-block-post-featured-image\"><a href=\"https:\/\/embassymototours.com\/es\/tour-del-vino-cava-y-clase-magistral\/\" target=\"_self\"  ><img loading=\"lazy\" decoding=\"async\" width=\"536\" height=\"317\" src=\"https:\/\/embassymototours.com\/wp-content\/uploads\/2024\/04\/Mask-group-13.png\" class=\"attachment-post-thumbnail size-post-thumbnail wp-post-image\" alt=\"TOUR DEL VINO CAVA Y CLASE MAGISTRAL\" style=\"object-fit:cover;\" srcset=\"https:\/\/embassymototours.com\/wp-content\/uploads\/2024\/04\/Mask-group-13.png 536w, https:\/\/embassymototours.com\/wp-content\/uploads\/2024\/04\/Mask-group-13-300x177.png 300w\" sizes=\"auto, (max-width: 536px) 100vw, 536px\" \/><\/a><\/figure>\n\n<h3 class=\"wp-block-post-title\"><a href=\"https:\/\/embassymototours.com\/es\/tour-del-vino-cava-y-clase-magistral\/\" target=\"_self\" >TOUR DEL VINO CAVA Y CLASE MAGISTRAL<\/a><\/h3>\n\n<div class=\"has-text-align-left wp-block-post-excerpt\"><p class=\"wp-block-post-excerpt__excerpt\">Explore la vinificaci\u00f3n local: recorra, pruebe y aprenda de los expertos.<\/p><p class=\"wp-block-post-excerpt__more-text\"><a class=\"wp-block-post-excerpt__more-link\" href=\"https:\/\/embassymototours.com\/es\/tour-del-vino-cava-y-clase-magistral\/\">M\u00e1s informaci\u00f3n<\/a><\/p><\/div>\n<\/li><\/ul><\/div>\n\n \r\n\t\t\t\r\n\t\t<\/div>\r\n\t\n\n\r\n\t\t<div  class=\"block-bce8f086-0f88-4af6-9b1d-ba25e96b912d col areoi-element\">\r\n\t\t\t\r\n\t\t\t\n\n<div class=\"wp-block-query is-layout-flow wp-block-query-is-layout-flow\"><ul class=\"wp-block-post-template is-layout-flow wp-block-post-template-is-layout-flow\"><li class=\"wp-block-post post-1102 post type-post status-publish format-standard has-post-thumbnail category-dinner-es entry\">\n<figure class=\"alignwide wp-block-post-featured-image\"><a href=\"https:\/\/embassymototours.com\/es\/paella-es-paella\/\" target=\"_self\"  ><img loading=\"lazy\" decoding=\"async\" width=\"269\" height=\"213\" src=\"https:\/\/embassymototours.com\/wp-content\/uploads\/2024\/04\/Mask-group-2.jpg\" class=\"attachment-post-thumbnail size-post-thumbnail wp-post-image\" alt=\"PAELLA ES PAELLA\" style=\"object-fit:cover;\" \/><\/a><\/figure>\n\n<h3 class=\"wp-block-post-title\"><a href=\"https:\/\/embassymototours.com\/es\/paella-es-paella\/\" target=\"_self\" >PAELLA ES PAELLA<\/a><\/h3>\n\n<div class=\"has-text-align-left wp-block-post-excerpt\"><p class=\"wp-block-post-excerpt__excerpt\">Descubre el aut\u00e9ntico sabor de la paella original durante nuestros recorridos.<\/p><p class=\"wp-block-post-excerpt__more-text\"><a class=\"wp-block-post-excerpt__more-link\" href=\"https:\/\/embassymototours.com\/es\/paella-es-paella\/\">M\u00e1s informaci\u00f3n<\/a><\/p><\/div>\n<\/li><\/ul><\/div>\n\n \r\n\t\t\t\r\n\t\t<\/div>\r\n\t\n\n\r\n\t\t<div  class=\"block-4e2aeae7-1601-4989-854c-c1573dfb950a col areoi-element\">\r\n\t\t\t\r\n\t\t\t\n\n<div class=\"wp-block-query is-layout-flow wp-block-query-is-layout-flow\"><ul class=\"wp-block-post-template is-layout-flow wp-block-post-template-is-layout-flow\"><li class=\"wp-block-post post-1100 post type-post status-publish format-standard has-post-thumbnail category-lunch-es entry\">\n<figure class=\"alignwide wp-block-post-featured-image\"><a href=\"https:\/\/embassymototours.com\/es\/cortando-jamon\/\" target=\"_self\"  ><img loading=\"lazy\" decoding=\"async\" width=\"270\" height=\"213\" src=\"https:\/\/embassymototours.com\/wp-content\/uploads\/2024\/04\/Mask-group-3.jpg\" class=\"attachment-post-thumbnail size-post-thumbnail wp-post-image\" alt=\"CORTANDO JAM\u00d3N\" style=\"object-fit:cover;\" \/><\/a><\/figure>\n\n<h3 class=\"wp-block-post-title\"><a href=\"https:\/\/embassymototours.com\/es\/cortando-jamon\/\" target=\"_self\" >CORTANDO JAM\u00d3N<\/a><\/h3>\n\n<div class=\"has-text-align-left wp-block-post-excerpt\"><p class=\"wp-block-post-excerpt__excerpt\">Prueba la esencia: \u00danete a nuestra degustaci\u00f3n de Jam\u00f3n para una aventura culinaria.<\/p><p class=\"wp-block-post-excerpt__more-text\"><a class=\"wp-block-post-excerpt__more-link\" href=\"https:\/\/embassymototours.com\/es\/cortando-jamon\/\">M\u00e1s informaci\u00f3n<\/a><\/p><\/div>\n<\/li><\/ul><\/div>\n\n \r\n\t\t\t\r\n\t\t<\/div>\r\n\t\n \r\n\t\t<\/div>\r\n\t\n \r\n\t\t<\/div>\r\n\t\n \r\n\t\t\t\r\n\t\t<\/div>\r\n\t\n \r\n\t\t<\/div>\r\n\t\n \r\n\t\t<\/div>\r\n\t","protected":false},"excerpt":{"rendered":"","protected":false},"author":3,"featured_media":0,"parent":0,"menu_order":0,"comment_status":"closed","ping_status":"closed","template":"","meta":{"_acf_changed":false,"inline_featured_image":false,"_genesis_hide_title":false,"_genesis_hide_breadcrumbs":false,"_genesis_hide_singular_image":false,"_genesis_hide_footer_widgets":false,"_genesis_custom_body_class":"","_genesis_custom_post_class":"","_genesis_layout":"","footnotes":""},"class_list":{"0":"post-1091","1":"page","2":"type-page","3":"status-publish","5":"entry"},"acf":[],"yoast_head":"<!-- This site is optimized with the Yoast SEO plugin v26.7 - https:\/\/yoast.com\/wordpress\/plugins\/seo\/ -->\n<title>Blog | Embassy Moto Tours<\/title>\n<meta name=\"robots\" content=\"index, follow, max-snippet:-1, max-image-preview:large, max-video-preview:-1\" \/>\n<link rel=\"canonical\" href=\"https:\/\/embassymototours.com\/es\/blog\/\" \/>\n<meta property=\"og:locale\" content=\"es_ES\" \/>\n<meta property=\"og:type\" content=\"article\" \/>\n<meta property=\"og:title\" content=\"Blog | Embassy Moto Tours\" \/>\n<meta property=\"og:url\" content=\"https:\/\/embassymototours.com\/es\/blog\/\" \/>\n<meta property=\"og:site_name\" content=\"Embassy Moto Tours\" \/>\n<meta property=\"article:modified_time\" content=\"2025-10-30T17:00:19+00:00\" \/>\n<meta property=\"og:image\" content=\"https:\/\/embassymototours.com\/wp-content\/uploads\/2024\/04\/f3882c0332a75afdf10b2fae98e282b8.jpeg\" \/>\n<meta name=\"twitter:card\" content=\"summary_large_image\" \/>\n<meta name=\"twitter:label1\" content=\"Tiempo de lectura\" \/>\n\t<meta name=\"twitter:data1\" content=\"1 minuto\" \/>\n<script type=\"application\/ld+json\" class=\"yoast-schema-graph\">{\"@context\":\"https:\/\/schema.org\",\"@graph\":[{\"@type\":\"WebPage\",\"@id\":\"https:\/\/embassymototours.com\/es\/blog\/\",\"url\":\"https:\/\/embassymototours.com\/es\/blog\/\",\"name\":\"Blog | Embassy Moto Tours\",\"isPartOf\":{\"@id\":\"https:\/\/embassymototours.com\/#website\"},\"primaryImageOfPage\":{\"@id\":\"https:\/\/embassymototours.com\/es\/blog\/#primaryimage\"},\"image\":{\"@id\":\"https:\/\/embassymototours.com\/es\/blog\/#primaryimage\"},\"thumbnailUrl\":\"https:\/\/embassymototours.com\/wp-content\/uploads\/2024\/04\/f3882c0332a75afdf10b2fae98e282b8.jpeg\",\"datePublished\":\"2024-03-31T22:39:58+00:00\",\"dateModified\":\"2025-10-30T17:00:19+00:00\",\"breadcrumb\":{\"@id\":\"https:\/\/embassymototours.com\/es\/blog\/#breadcrumb\"},\"inLanguage\":\"es\",\"potentialAction\":[{\"@type\":\"ReadAction\",\"target\":[\"https:\/\/embassymototours.com\/es\/blog\/\"]}]},{\"@type\":\"ImageObject\",\"inLanguage\":\"es\",\"@id\":\"https:\/\/embassymototours.com\/es\/blog\/#primaryimage\",\"url\":\"https:\/\/embassymototours.com\/wp-content\/uploads\/2024\/04\/f3882c0332a75afdf10b2fae98e282b8.jpeg\",\"contentUrl\":\"https:\/\/embassymototours.com\/wp-content\/uploads\/2024\/04\/f3882c0332a75afdf10b2fae98e282b8.jpeg\"},{\"@type\":\"BreadcrumbList\",\"@id\":\"https:\/\/embassymototours.com\/es\/blog\/#breadcrumb\",\"itemListElement\":[{\"@type\":\"ListItem\",\"position\":1,\"name\":\"Home\",\"item\":\"https:\/\/embassymototours.com\/es\/\"},{\"@type\":\"ListItem\",\"position\":2,\"name\":\"Blog\"}]},{\"@type\":\"WebSite\",\"@id\":\"https:\/\/embassymototours.com\/#website\",\"url\":\"https:\/\/embassymototours.com\/\",\"name\":\"Embassy Moto Tours\",\"description\":\"\",\"publisher\":{\"@id\":\"https:\/\/embassymototours.com\/#organization\"},\"potentialAction\":[{\"@type\":\"SearchAction\",\"target\":{\"@type\":\"EntryPoint\",\"urlTemplate\":\"https:\/\/embassymototours.com\/?s={search_term_string}\"},\"query-input\":{\"@type\":\"PropertyValueSpecification\",\"valueRequired\":true,\"valueName\":\"search_term_string\"}}],\"inLanguage\":\"es\"},{\"@type\":\"Organization\",\"@id\":\"https:\/\/embassymototours.com\/#organization\",\"name\":\"Embassy Moto Tours\",\"url\":\"https:\/\/embassymototours.com\/\",\"logo\":{\"@type\":\"ImageObject\",\"inLanguage\":\"es\",\"@id\":\"https:\/\/embassymototours.com\/#\/schema\/logo\/image\/\",\"url\":\"https:\/\/embassymototours.com\/wp-content\/uploads\/2024\/04\/cropped-organized_moto_tours_barcelona_moto_embassy_tours.jpg\",\"contentUrl\":\"https:\/\/embassymototours.com\/wp-content\/uploads\/2024\/04\/cropped-organized_moto_tours_barcelona_moto_embassy_tours.jpg\",\"width\":512,\"height\":512,\"caption\":\"Embassy Moto Tours\"},\"image\":{\"@id\":\"https:\/\/embassymototours.com\/#\/schema\/logo\/image\/\"}}]}<\/script>\n<!-- \/ Yoast SEO plugin. -->","yoast_head_json":{"title":"Blog | Embassy Moto Tours","robots":{"index":"index","follow":"follow","max-snippet":"max-snippet:-1","max-image-preview":"max-image-preview:large","max-video-preview":"max-video-preview:-1"},"canonical":"https:\/\/embassymototours.com\/es\/blog\/","og_locale":"es_ES","og_type":"article","og_title":"Blog | Embassy Moto Tours","og_url":"https:\/\/embassymototours.com\/es\/blog\/","og_site_name":"Embassy Moto Tours","article_modified_time":"2025-10-30T17:00:19+00:00","og_image":[{"url":"https:\/\/embassymototours.com\/wp-content\/uploads\/2024\/04\/f3882c0332a75afdf10b2fae98e282b8.jpeg","type":"","width":"","height":""}],"twitter_card":"summary_large_image","twitter_misc":{"Tiempo de lectura":"1 minuto"},"schema":{"@context":"https:\/\/schema.org","@graph":[{"@type":"WebPage","@id":"https:\/\/embassymototours.com\/es\/blog\/","url":"https:\/\/embassymototours.com\/es\/blog\/","name":"Blog | Embassy Moto Tours","isPartOf":{"@id":"https:\/\/embassymototours.com\/#website"},"primaryImageOfPage":{"@id":"https:\/\/embassymototours.com\/es\/blog\/#primaryimage"},"image":{"@id":"https:\/\/embassymototours.com\/es\/blog\/#primaryimage"},"thumbnailUrl":"https:\/\/embassymototours.com\/wp-content\/uploads\/2024\/04\/f3882c0332a75afdf10b2fae98e282b8.jpeg","datePublished":"2024-03-31T22:39:58+00:00","dateModified":"2025-10-30T17:00:19+00:00","breadcrumb":{"@id":"https:\/\/embassymototours.com\/es\/blog\/#breadcrumb"},"inLanguage":"es","potentialAction":[{"@type":"ReadAction","target":["https:\/\/embassymototours.com\/es\/blog\/"]}]},{"@type":"ImageObject","inLanguage":"es","@id":"https:\/\/embassymototours.com\/es\/blog\/#primaryimage","url":"https:\/\/embassymototours.com\/wp-content\/uploads\/2024\/04\/f3882c0332a75afdf10b2fae98e282b8.jpeg","contentUrl":"https:\/\/embassymototours.com\/wp-content\/uploads\/2024\/04\/f3882c0332a75afdf10b2fae98e282b8.jpeg"},{"@type":"BreadcrumbList","@id":"https:\/\/embassymototours.com\/es\/blog\/#breadcrumb","itemListElement":[{"@type":"ListItem","position":1,"name":"Home","item":"https:\/\/embassymototours.com\/es\/"},{"@type":"ListItem","position":2,"name":"Blog"}]},{"@type":"WebSite","@id":"https:\/\/embassymototours.com\/#website","url":"https:\/\/embassymototours.com\/","name":"Embassy Moto Tours","description":"","publisher":{"@id":"https:\/\/embassymototours.com\/#organization"},"potentialAction":[{"@type":"SearchAction","target":{"@type":"EntryPoint","urlTemplate":"https:\/\/embassymototours.com\/?s={search_term_string}"},"query-input":{"@type":"PropertyValueSpecification","valueRequired":true,"valueName":"search_term_string"}}],"inLanguage":"es"},{"@type":"Organization","@id":"https:\/\/embassymototours.com\/#organization","name":"Embassy Moto Tours","url":"https:\/\/embassymototours.com\/","logo":{"@type":"ImageObject","inLanguage":"es","@id":"https:\/\/embassymototours.com\/#\/schema\/logo\/image\/","url":"https:\/\/embassymototours.com\/wp-content\/uploads\/2024\/04\/cropped-organized_moto_tours_barcelona_moto_embassy_tours.jpg","contentUrl":"https:\/\/embassymototours.com\/wp-content\/uploads\/2024\/04\/cropped-organized_moto_tours_barcelona_moto_embassy_tours.jpg","width":512,"height":512,"caption":"Embassy Moto Tours"},"image":{"@id":"https:\/\/embassymototours.com\/#\/schema\/logo\/image\/"}}]}},"featured_image_src":null,"featured_image_src_square":null,"_links":{"self":[{"href":"https:\/\/embassymototours.com\/es\/wp-json\/wp\/v2\/pages\/1091","targetHints":{"allow":["GET"]}}],"collection":[{"href":"https:\/\/embassymototours.com\/es\/wp-json\/wp\/v2\/pages"}],"about":[{"href":"https:\/\/embassymototours.com\/es\/wp-json\/wp\/v2\/types\/page"}],"author":[{"embeddable":true,"href":"https:\/\/embassymototours.com\/es\/wp-json\/wp\/v2\/users\/3"}],"replies":[{"embeddable":true,"href":"https:\/\/embassymototours.com\/es\/wp-json\/wp\/v2\/comments?post=1091"}],"version-history":[{"count":17,"href":"https:\/\/embassymototours.com\/es\/wp-json\/wp\/v2\/pages\/1091\/revisions"}],"predecessor-version":[{"id":2240,"href":"https:\/\/embassymototours.com\/es\/wp-json\/wp\/v2\/pages\/1091\/revisions\/2240"}],"wp:attachment":[{"href":"https:\/\/embassymototours.com\/es\/wp-json\/wp\/v2\/media?parent=1091"}],"curies":[{"name":"wp","href":"https:\/\/api.w.org\/{rel}","templated":true}]}}