
{"id":1065,"date":"2024-04-01T15:49:37","date_gmt":"2024-04-01T15:49:37","guid":{"rendered":"https:\/\/embassymototours.com\/about\/"},"modified":"2025-10-24T14:51:21","modified_gmt":"2025-10-24T14:51:21","slug":"sobre-nosotros","status":"publish","type":"page","link":"https:\/\/embassymototours.com\/es\/sobre-nosotros\/","title":{"rendered":"Sobre nosotros"},"content":{"rendered":"<section class=\"base-section hero hero-content-section  size-default  heading-white text-white \" style=\"background:url(https:\/\/embassymototours.com\/wp-content\/uploads\/2024\/04\/Mask-group-11.png) no-repeat; text-align: left!important; margin: 0px 0 0px; padding: 0px 0 0px;\" id=\"block_43c1b93db1900f1c55fa40abf035f1e0\">\n        <div class=\"container-fluid\" id=\"\" >\n        <div class=\"row align-items-center content-hero\" data-aos=\"fade-right\" data-aos-duration=\"700\">\n            <div class=\"position-relative box-hero\">\n                <div class=\"overlay-content\" style=\"background: #000000; opacity: 0.8; mix-blend-mode: initial; z-index: 1;\"><\/div>                <div class=\"z-2 position-relative square-hero\">\n                    <div class=\"content-text align-items-center\">\n                         \n                        <div class=\" text-xxxl-center hero-title\"><h1>SOBRE NOSOTROS<\/h1><\/div>\n                        <div class=\" border-left position-relative hero-text\"><p>EMBASSY es un peque\u00f1o gran equipo que tiene como objetivo brindar servicios y soluciones para los amantes de las motocicletas que desean dejarse guiar por gu\u00edas tur\u00edsticos y sin sacrificar un buen momento de relax. Somos una peque\u00f1a empresa lo que nos da la ventaja de dar un trato r\u00e1pido y personalizado. \u00bfPero qui\u00e9nes somos detr\u00e1s del escenario?<\/p>\n <\/div>\n                    <\/div> \n\n                                    <\/div>\n            <\/div>\n        <\/div>\n        \n    <\/div>\n<\/section>\n \n\n\r\n\t\t<div  class=\"block-f3d4e6fd-5e86-4d06-81c9-24686ab214fc areoi-element about-info\">\r\n\t\t\t\r\n\t\t\t\n\r\n\t\t<div  class=\"block-1d86d9fd-b036-4aeb-a06f-5fb330cb8741 areoi-element container\">\r\n\t\t\t\r\n\t\t\t\n\r\n\t\t<div  class=\"block-5358479e-0374-4fc0-927f-042ee20c1087 row areoi-element\">\r\n\t\t\t\r\n\r\n\t\t\t\n\r\n\t\t<div data-aos=\"fade-right\"  class=\"block-ce218abd-232d-4766-8d0d-dd28144f5bdc col areoi-element about-col-text-l col-12 col-sm-12 col-md-12 col-lg-4\">\r\n\t\t\t\r\n\t\t\t\n\n<h4 class=\"wp-block-heading has-text-align-right\">\u00d2SCAR AMADO<\/h4>\n\n\n\n<p class=\"has-text-align-right\">He andado en motocicleta toda mi vida. Tengo m\u00e1s de <em>800.000 km.<\/em> a mis espaldas, repartidos entre buenas rutas con amigos, pruebas y 18 participaciones en las 24h de resistencia Barcelona-Catalunya. Tengo buena experiencia preparando rutas en moto y conozco los paisajes y caminos m\u00e1s bellos para recorrer nuestra regi\u00f3n. Convertir mi pasi\u00f3n en mi trabajo me hace pensar siempre en c\u00f3mo hacer felices a mis clientes.<\/p>\n\n \r\n\t\t\t\r\n\t\t<\/div>\r\n\t\n\n\r\n\t\t<div data-aos-delay=\"500\" data-aos=\"fade-up\"  class=\"block-2c0451c4-8798-44f4-9ec1-6fa388748971 col areoi-element about-col-img col-12 col-sm-12 col-md-12 col-lg-4\">\r\n\t\t\t\r\n\t\t\t\n\n<figure class=\"wp-block-image size-full d-none\"><img loading=\"lazy\" decoding=\"async\" width=\"602\" height=\"349\" src=\"https:\/\/embassymototours.com\/wp-content\/uploads\/2024\/04\/image-1.png\" alt=\"\" class=\"wp-image-749\" srcset=\"https:\/\/embassymototours.com\/wp-content\/uploads\/2024\/04\/image-1.png 602w, https:\/\/embassymototours.com\/wp-content\/uploads\/2024\/04\/image-1-300x174.png 300w, https:\/\/embassymototours.com\/wp-content\/uploads\/2024\/04\/image-1-600x349.png 600w\" sizes=\"auto, (max-width: 602px) 100vw, 602px\" \/><\/figure>\n\n\n\n<div class=\"video-aspect-16-9\">\n<iframe loading=\"lazy\" width=\"560\" height=\"315\" src=\"https:\/\/www.youtube.com\/embed\/rj0pGRzeD9g?autoplay=1&#038;mute=1&#038;playsinline=1&#038;loop=1&#038;controls=0&#038;playlist=rj0pGRzeD9g&#038;si=HFsEDxEjZ0MF60Hk\" title=\"YouTube video player\" frameborder=\"0\" allow=\"accelerometer; autoplay; clipboard-write; encrypted-media; gyroscope; picture-in-picture; web-share\" referrerpolicy=\"strict-origin-when-cross-origin\" allowfullscreen><\/iframe>\n<\/div>\n\n \r\n\t\t\t\r\n\t\t<\/div>\r\n\t\n\n\r\n\t\t<div data-aos-delay=\"1000\" data-aos=\"fade-left\"  class=\"block-94e60f92-90eb-4e90-b398-10c9bacb96dc col areoi-element about-col-text-r col-12 col-sm-12 col-md-12 col-lg-4\">\r\n\t\t\t\r\n\t\t\t\n\n<h4 class=\"wp-block-heading\">DOM\u00c8NEC VENTURA<\/h4>\n\n\n\n<p>Rompiendo el hielo: no tengo coche. Nacido y criado en el precioso Pened\u00e8s monta\u00f1oso, soy un apasionado de las motos. Soy ingeniero mec\u00e1nico y participo en el Mundial de Resistencia y en Moto2. Las motocicletas siempre han estado en mi vida diaria: \u00a1calor, fr\u00edo, sol o lluvia! Mi otra pasi\u00f3n es descubrir buenos restaurantes y comida aut\u00e9ntica. Esta experiencia y conocimiento en servicios gastron\u00f3micos mejorar\u00e1n su experiencia en EMBASSY.&nbsp;<\/p>\n\n \r\n\t\t\t\r\n\t\t<\/div>\r\n\t\n \r\n\t\t<\/div>\r\n\t\n \r\n\t\t<\/div>\r\n\t\n\r\n\t\t\t \r\n\t\t<\/div>\r\n\t","protected":false},"excerpt":{"rendered":"","protected":false},"author":3,"featured_media":0,"parent":0,"menu_order":0,"comment_status":"closed","ping_status":"closed","template":"","meta":{"_acf_changed":false,"inline_featured_image":false,"_genesis_hide_title":false,"_genesis_hide_breadcrumbs":false,"_genesis_hide_singular_image":false,"_genesis_hide_footer_widgets":false,"_genesis_custom_body_class":"","_genesis_custom_post_class":"","_genesis_layout":"","footnotes":""},"class_list":{"0":"post-1065","1":"page","2":"type-page","3":"status-publish","5":"entry"},"acf":[],"yoast_head":"<!-- This site is optimized with the Yoast SEO plugin v26.7 - https:\/\/yoast.com\/wordpress\/plugins\/seo\/ -->\n<title>Sobre nosotros | Embassy Moto Tours<\/title>\n<meta name=\"description\" content=\"Descubre qui\u00e9nes somos y por qu\u00e9 hacemos lo que hacemos. \u00danete hoy a nuestras visitas guiadas en moto por Barcelona junto a Oscar y Dom\u00e8nec.\" \/>\n<meta name=\"robots\" content=\"index, follow, max-snippet:-1, max-image-preview:large, max-video-preview:-1\" \/>\n<link rel=\"canonical\" href=\"https:\/\/embassymototours.com\/es\/sobre-nosotros\/\" \/>\n<meta property=\"og:locale\" content=\"es_ES\" \/>\n<meta property=\"og:type\" content=\"article\" \/>\n<meta property=\"og:title\" content=\"Sobre nosotros | Embassy Moto Tours\" \/>\n<meta property=\"og:description\" content=\"Descubre qui\u00e9nes somos y por qu\u00e9 hacemos lo que hacemos. \u00danete hoy a nuestras visitas guiadas en moto por Barcelona junto a Oscar y Dom\u00e8nec.\" \/>\n<meta property=\"og:url\" content=\"https:\/\/embassymototours.com\/es\/sobre-nosotros\/\" \/>\n<meta property=\"og:site_name\" content=\"Embassy Moto Tours\" \/>\n<meta property=\"article:modified_time\" content=\"2025-10-24T14:51:21+00:00\" \/>\n<meta property=\"og:image\" content=\"https:\/\/embassymototours.com\/wp-content\/uploads\/2024\/04\/image-1.png\" \/>\n<meta name=\"twitter:card\" content=\"summary_large_image\" \/>\n<meta name=\"twitter:label1\" content=\"Tiempo de lectura\" \/>\n\t<meta name=\"twitter:data1\" content=\"1 minuto\" \/>\n<script type=\"application\/ld+json\" class=\"yoast-schema-graph\">{\"@context\":\"https:\/\/schema.org\",\"@graph\":[{\"@type\":[\"WebPage\",\"AboutPage\"],\"@id\":\"https:\/\/embassymototours.com\/es\/sobre-nosotros\/\",\"url\":\"https:\/\/embassymototours.com\/es\/sobre-nosotros\/\",\"name\":\"Sobre nosotros | Embassy Moto Tours\",\"isPartOf\":{\"@id\":\"https:\/\/embassymototours.com\/#website\"},\"primaryImageOfPage\":{\"@id\":\"https:\/\/embassymototours.com\/es\/sobre-nosotros\/#primaryimage\"},\"image\":{\"@id\":\"https:\/\/embassymototours.com\/es\/sobre-nosotros\/#primaryimage\"},\"thumbnailUrl\":\"https:\/\/embassymototours.com\/wp-content\/uploads\/2024\/04\/image-1.png\",\"datePublished\":\"2024-04-01T15:49:37+00:00\",\"dateModified\":\"2025-10-24T14:51:21+00:00\",\"description\":\"Descubre qui\u00e9nes somos y por qu\u00e9 hacemos lo que hacemos. \u00danete hoy a nuestras visitas guiadas en moto por Barcelona junto a Oscar y Dom\u00e8nec.\",\"breadcrumb\":{\"@id\":\"https:\/\/embassymototours.com\/es\/sobre-nosotros\/#breadcrumb\"},\"inLanguage\":\"es\",\"potentialAction\":[{\"@type\":\"ReadAction\",\"target\":[\"https:\/\/embassymototours.com\/es\/sobre-nosotros\/\"]}]},{\"@type\":\"ImageObject\",\"inLanguage\":\"es\",\"@id\":\"https:\/\/embassymototours.com\/es\/sobre-nosotros\/#primaryimage\",\"url\":\"https:\/\/embassymototours.com\/wp-content\/uploads\/2024\/04\/image-1.png\",\"contentUrl\":\"https:\/\/embassymototours.com\/wp-content\/uploads\/2024\/04\/image-1.png\"},{\"@type\":\"BreadcrumbList\",\"@id\":\"https:\/\/embassymototours.com\/es\/sobre-nosotros\/#breadcrumb\",\"itemListElement\":[{\"@type\":\"ListItem\",\"position\":1,\"name\":\"Home\",\"item\":\"https:\/\/embassymototours.com\/es\/\"},{\"@type\":\"ListItem\",\"position\":2,\"name\":\"Sobre nosotros\"}]},{\"@type\":\"WebSite\",\"@id\":\"https:\/\/embassymototours.com\/#website\",\"url\":\"https:\/\/embassymototours.com\/\",\"name\":\"Embassy Moto Tours\",\"description\":\"\",\"publisher\":{\"@id\":\"https:\/\/embassymototours.com\/#organization\"},\"potentialAction\":[{\"@type\":\"SearchAction\",\"target\":{\"@type\":\"EntryPoint\",\"urlTemplate\":\"https:\/\/embassymototours.com\/?s={search_term_string}\"},\"query-input\":{\"@type\":\"PropertyValueSpecification\",\"valueRequired\":true,\"valueName\":\"search_term_string\"}}],\"inLanguage\":\"es\"},{\"@type\":\"Organization\",\"@id\":\"https:\/\/embassymototours.com\/#organization\",\"name\":\"Embassy Moto Tours\",\"url\":\"https:\/\/embassymototours.com\/\",\"logo\":{\"@type\":\"ImageObject\",\"inLanguage\":\"es\",\"@id\":\"https:\/\/embassymototours.com\/#\/schema\/logo\/image\/\",\"url\":\"https:\/\/embassymototours.com\/wp-content\/uploads\/2024\/04\/cropped-organized_moto_tours_barcelona_moto_embassy_tours.jpg\",\"contentUrl\":\"https:\/\/embassymototours.com\/wp-content\/uploads\/2024\/04\/cropped-organized_moto_tours_barcelona_moto_embassy_tours.jpg\",\"width\":512,\"height\":512,\"caption\":\"Embassy Moto Tours\"},\"image\":{\"@id\":\"https:\/\/embassymototours.com\/#\/schema\/logo\/image\/\"}}]}<\/script>\n<!-- \/ Yoast SEO plugin. -->","yoast_head_json":{"title":"Sobre nosotros | Embassy Moto Tours","description":"Descubre qui\u00e9nes somos y por qu\u00e9 hacemos lo que hacemos. \u00danete hoy a nuestras visitas guiadas en moto por Barcelona junto a Oscar y Dom\u00e8nec.","robots":{"index":"index","follow":"follow","max-snippet":"max-snippet:-1","max-image-preview":"max-image-preview:large","max-video-preview":"max-video-preview:-1"},"canonical":"https:\/\/embassymototours.com\/es\/sobre-nosotros\/","og_locale":"es_ES","og_type":"article","og_title":"Sobre nosotros | Embassy Moto Tours","og_description":"Descubre qui\u00e9nes somos y por qu\u00e9 hacemos lo que hacemos. \u00danete hoy a nuestras visitas guiadas en moto por Barcelona junto a Oscar y Dom\u00e8nec.","og_url":"https:\/\/embassymototours.com\/es\/sobre-nosotros\/","og_site_name":"Embassy Moto Tours","article_modified_time":"2025-10-24T14:51:21+00:00","og_image":[{"url":"https:\/\/embassymototours.com\/wp-content\/uploads\/2024\/04\/image-1.png","type":"","width":"","height":""}],"twitter_card":"summary_large_image","twitter_misc":{"Tiempo de lectura":"1 minuto"},"schema":{"@context":"https:\/\/schema.org","@graph":[{"@type":["WebPage","AboutPage"],"@id":"https:\/\/embassymototours.com\/es\/sobre-nosotros\/","url":"https:\/\/embassymototours.com\/es\/sobre-nosotros\/","name":"Sobre nosotros | Embassy Moto Tours","isPartOf":{"@id":"https:\/\/embassymototours.com\/#website"},"primaryImageOfPage":{"@id":"https:\/\/embassymototours.com\/es\/sobre-nosotros\/#primaryimage"},"image":{"@id":"https:\/\/embassymototours.com\/es\/sobre-nosotros\/#primaryimage"},"thumbnailUrl":"https:\/\/embassymototours.com\/wp-content\/uploads\/2024\/04\/image-1.png","datePublished":"2024-04-01T15:49:37+00:00","dateModified":"2025-10-24T14:51:21+00:00","description":"Descubre qui\u00e9nes somos y por qu\u00e9 hacemos lo que hacemos. \u00danete hoy a nuestras visitas guiadas en moto por Barcelona junto a Oscar y Dom\u00e8nec.","breadcrumb":{"@id":"https:\/\/embassymototours.com\/es\/sobre-nosotros\/#breadcrumb"},"inLanguage":"es","potentialAction":[{"@type":"ReadAction","target":["https:\/\/embassymototours.com\/es\/sobre-nosotros\/"]}]},{"@type":"ImageObject","inLanguage":"es","@id":"https:\/\/embassymototours.com\/es\/sobre-nosotros\/#primaryimage","url":"https:\/\/embassymototours.com\/wp-content\/uploads\/2024\/04\/image-1.png","contentUrl":"https:\/\/embassymototours.com\/wp-content\/uploads\/2024\/04\/image-1.png"},{"@type":"BreadcrumbList","@id":"https:\/\/embassymototours.com\/es\/sobre-nosotros\/#breadcrumb","itemListElement":[{"@type":"ListItem","position":1,"name":"Home","item":"https:\/\/embassymototours.com\/es\/"},{"@type":"ListItem","position":2,"name":"Sobre nosotros"}]},{"@type":"WebSite","@id":"https:\/\/embassymototours.com\/#website","url":"https:\/\/embassymototours.com\/","name":"Embassy Moto Tours","description":"","publisher":{"@id":"https:\/\/embassymototours.com\/#organization"},"potentialAction":[{"@type":"SearchAction","target":{"@type":"EntryPoint","urlTemplate":"https:\/\/embassymototours.com\/?s={search_term_string}"},"query-input":{"@type":"PropertyValueSpecification","valueRequired":true,"valueName":"search_term_string"}}],"inLanguage":"es"},{"@type":"Organization","@id":"https:\/\/embassymototours.com\/#organization","name":"Embassy Moto Tours","url":"https:\/\/embassymototours.com\/","logo":{"@type":"ImageObject","inLanguage":"es","@id":"https:\/\/embassymototours.com\/#\/schema\/logo\/image\/","url":"https:\/\/embassymototours.com\/wp-content\/uploads\/2024\/04\/cropped-organized_moto_tours_barcelona_moto_embassy_tours.jpg","contentUrl":"https:\/\/embassymototours.com\/wp-content\/uploads\/2024\/04\/cropped-organized_moto_tours_barcelona_moto_embassy_tours.jpg","width":512,"height":512,"caption":"Embassy Moto Tours"},"image":{"@id":"https:\/\/embassymototours.com\/#\/schema\/logo\/image\/"}}]}},"featured_image_src":null,"featured_image_src_square":null,"_links":{"self":[{"href":"https:\/\/embassymototours.com\/es\/wp-json\/wp\/v2\/pages\/1065","targetHints":{"allow":["GET"]}}],"collection":[{"href":"https:\/\/embassymototours.com\/es\/wp-json\/wp\/v2\/pages"}],"about":[{"href":"https:\/\/embassymototours.com\/es\/wp-json\/wp\/v2\/types\/page"}],"author":[{"embeddable":true,"href":"https:\/\/embassymototours.com\/es\/wp-json\/wp\/v2\/users\/3"}],"replies":[{"embeddable":true,"href":"https:\/\/embassymototours.com\/es\/wp-json\/wp\/v2\/comments?post=1065"}],"version-history":[{"count":14,"href":"https:\/\/embassymototours.com\/es\/wp-json\/wp\/v2\/pages\/1065\/revisions"}],"predecessor-version":[{"id":2219,"href":"https:\/\/embassymototours.com\/es\/wp-json\/wp\/v2\/pages\/1065\/revisions\/2219"}],"wp:attachment":[{"href":"https:\/\/embassymototours.com\/es\/wp-json\/wp\/v2\/media?parent=1065"}],"curies":[{"name":"wp","href":"https:\/\/api.w.org\/{rel}","templated":true}]}}